{"id":761,"date":"2012-02-07T18:46:00","date_gmt":"2012-02-07T18:46:00","guid":{"rendered":"https:\/\/www.cuellar.es\/murallasdecuellar\/?page_id=761"},"modified":"2012-02-08T08:44:48","modified_gmt":"2012-02-08T08:44:48","slug":"colabora","status":"publish","type":"page","link":"https:\/\/www.cuellar.es\/murallasdecuellar\/colabora\/","title":{"rendered":"Colabora"},"content":{"rendered":"<p>Desde del\u00a0Ayuntamiento de Cu\u00e9llar\u00a0hemos realizado una memoria sobre las Murallas de Cu\u00e9llar que puede consultarse a trav\u00e9s de esta web.<\/p>\n<p>Pero queremos que este proyecto sea un trabajo abierto en el que\u00a0todas aquellas personas\u00a0que dispongan de cualquier informaci\u00f3n o estudio realizado sobre las murallas y que quieran compartirlo completando la informaci\u00f3n que contiene la web pueda hacerlo, con lo que ir ampliando y mejorando la informaci\u00f3n que aqu\u00ed se ofrece.<\/p>\n<p>Lo mismo sucede que con las personas que dispongan\u00a0de cualquier material audiovisual que se quiera compartir con esta web,\u00a0y de esta forma aumentar su\u00a0valor visual e informativo enriqueci\u00e9ndola visualmente.<\/p>\n<p>Para poder colaborar ponte en contacto con nosotros:<\/p>\n<p style=\"padding-left: 30px;\"><strong>Turismo Cu\u00e9llar<br \/>\n<\/strong>C\/ Palacio, s\/n. Castillo de Cu\u00e9llar<br \/>\nCu\u00e9llar 40200 (Segovia)<br \/>\nemail: <a href=\"mailto:turismo@aytocuellar.es\">turismo@aytocuellar.es<\/a><br \/>\nTelf.: 921 142 203<\/p>\n<p>&nbsp;<\/p>\n<p>O bien hazlo a trav\u00e9s del siguiente formulario:<\/p>\n<p>&nbsp;<\/p>\n\n<div class=\"wpcf7 no-js\" id=\"wpcf7-f760-o1\" lang=\"en-US\" dir=\"ltr\" data-wpcf7-id=\"760\">\n<div class=\"screen-reader-response\"><p role=\"status\" aria-live=\"polite\" aria-atomic=\"true\"><\/p> <ul><\/ul><\/div>\n<form action=\"\/murallasdecuellar\/wp-json\/wp\/v2\/pages\/761#wpcf7-f760-o1\" method=\"post\" class=\"wpcf7-form init\" aria-label=\"Contact form\" enctype=\"multipart\/form-data\" novalidate=\"novalidate\" data-status=\"init\">\n<div style=\"display: none;\">\n<input type=\"hidden\" name=\"_wpcf7\" value=\"760\" \/>\n<input type=\"hidden\" name=\"_wpcf7_version\" value=\"6.0.3\" \/>\n<input type=\"hidden\" name=\"_wpcf7_locale\" value=\"en_US\" \/>\n<input type=\"hidden\" name=\"_wpcf7_unit_tag\" value=\"wpcf7-f760-o1\" \/>\n<input type=\"hidden\" name=\"_wpcf7_container_post\" value=\"0\" \/>\n<input type=\"hidden\" name=\"_wpcf7_posted_data_hash\" value=\"\" \/>\n<\/div>\n<p>Nombre y Apellidos (*)\n<\/p>\n<p><span class=\"wpcf7-form-control-wrap\" data-name=\"your-name\"><input size=\"40\" maxlength=\"400\" class=\"wpcf7-form-control wpcf7-text wpcf7-validates-as-required\" aria-required=\"true\" aria-invalid=\"false\" value=\"\" type=\"text\" name=\"your-name\" \/><\/span>\n<\/p>\n<p>Email (*)\n<\/p>\n<p><span class=\"wpcf7-form-control-wrap\" data-name=\"your-email\"><input size=\"40\" maxlength=\"400\" class=\"wpcf7-form-control wpcf7-email wpcf7-validates-as-required wpcf7-text wpcf7-validates-as-email\" aria-required=\"true\" aria-invalid=\"false\" value=\"\" type=\"email\" name=\"your-email\" \/><\/span>\n<\/p>\n<p>Tel\u00e9fono (*)\n<\/p>\n<p><span class=\"wpcf7-form-control-wrap\" data-name=\"your-telefono\"><input size=\"40\" maxlength=\"400\" class=\"wpcf7-form-control wpcf7-text wpcf7-validates-as-required\" aria-required=\"true\" aria-invalid=\"false\" value=\"\" type=\"text\" name=\"your-telefono\" \/><\/span>\n<\/p>\n<p>Direcci\u00f3n\n<\/p>\n<p><span class=\"wpcf7-form-control-wrap\" data-name=\"your-poblacion\"><input size=\"40\" maxlength=\"400\" class=\"wpcf7-form-control wpcf7-text\" aria-invalid=\"false\" value=\"\" type=\"text\" name=\"your-poblacion\" \/><\/span>\n<\/p>\n<p>Poblaci\u00f3n y Provincia\n<\/p>\n<p><span class=\"wpcf7-form-control-wrap\" data-name=\"your-provincia\"><input size=\"40\" maxlength=\"400\" class=\"wpcf7-form-control wpcf7-text\" aria-invalid=\"false\" value=\"\" type=\"text\" name=\"your-provincia\" \/><\/span>\n<\/p>\n<p>Adjunta el archivo\n<\/p>\n<p><span class=\"wpcf7-form-control-wrap\" data-name=\"file-266\"><input size=\"40\" class=\"wpcf7-form-control wpcf7-file\" id=\"colaboracion\" accept=\"audio\/*,video\/*,image\/*\" aria-invalid=\"false\" type=\"file\" name=\"file-266\" \/><\/span>\n<\/p>\n<p>Comentarios\n<\/p>\n<p><span class=\"wpcf7-form-control-wrap\" data-name=\"your-message\"><textarea cols=\"40\" rows=\"10\" maxlength=\"2000\" class=\"wpcf7-form-control wpcf7-textarea\" aria-invalid=\"false\" name=\"your-message\"><\/textarea><\/span>\n<\/p>\n<p><span class=\"wpcf7-form-control-wrap\" data-name=\"acceptance-215\"><span class=\"wpcf7-form-control wpcf7-acceptance\"><span class=\"wpcf7-list-item\"><input type=\"checkbox\" name=\"acceptance-215\" value=\"1\" id=\"Condicionesdeuso\" aria-invalid=\"false\" \/><\/span><\/span><\/span> Acepto las condiciones de uso (**)\n<\/p>\n<p><input class=\"wpcf7-form-control wpcf7-submit has-spinner\" type=\"submit\" value=\"Enviar\" \/>\n<\/p><p style=\"display: none !important;\" class=\"akismet-fields-container\" data-prefix=\"_wpcf7_ak_\"><label>&#916;<textarea name=\"_wpcf7_ak_hp_textarea\" cols=\"45\" rows=\"8\" maxlength=\"100\"><\/textarea><\/label><input type=\"hidden\" id=\"ak_js_1\" name=\"_wpcf7_ak_js\" value=\"36\"\/><script>document.getElementById( \"ak_js_1\" ).setAttribute( \"value\", ( new Date() ).getTime() );<\/script><\/p><div class=\"wpcf7-response-output\" aria-hidden=\"true\"><\/div>\n<\/form>\n<\/div>\n\n<p>&nbsp;<\/p>\n<p><small>(**)<strong> NOTA<\/strong>: Antes de su publicaci\u00f3n\u00a0el Ayuntamiento de Cu\u00e9llar revisar\u00e1 el valor de los contenidos a compartir, para posteriormente ser integrados con los existentes. El colaborador deber\u00e1 poseer los derechos de autor de los contenidos que desee compartir, no haci\u00e9ndose responsabe el Ayuntamiento en el caso de que esos derecos pertenenzan a terceras personas que no deseen realizar colaboraci\u00f3n alguna.<\/small><\/p>\n","protected":false},"excerpt":{"rendered":"<p>Desde del\u00a0Ayuntamiento de Cu\u00e9llar\u00a0hemos realizado una memoria sobre las Murallas de Cu\u00e9llar que puede consultarse a trav\u00e9s de esta web. Pero queremos que este proyecto sea un trabajo abierto en el que\u00a0todas aquellas personas\u00a0que dispongan de cualquier informaci\u00f3n o estudio realizado sobre las murallas y que quieran compartirlo completando la informaci\u00f3n que contiene la web &hellip; <\/p>\n<p><a class=\"more-link btn\" href=\"https:\/\/www.cuellar.es\/murallasdecuellar\/colabora\/\">Seguir leyendo<\/a><\/p>\n","protected":false},"author":4,"featured_media":0,"parent":0,"menu_order":0,"comment_status":"closed","ping_status":"closed","template":"template-twocolumnsleft.php","meta":{"ngg_post_thumbnail":0,"footnotes":""},"class_list":["post-761","page","type-page","status-publish","hentry","nodate","item-wrap"],"_links":{"self":[{"href":"https:\/\/www.cuellar.es\/murallasdecuellar\/wp-json\/wp\/v2\/pages\/761","targetHints":{"allow":["GET"]}}],"collection":[{"href":"https:\/\/www.cuellar.es\/murallasdecuellar\/wp-json\/wp\/v2\/pages"}],"about":[{"href":"https:\/\/www.cuellar.es\/murallasdecuellar\/wp-json\/wp\/v2\/types\/page"}],"author":[{"embeddable":true,"href":"https:\/\/www.cuellar.es\/murallasdecuellar\/wp-json\/wp\/v2\/users\/4"}],"replies":[{"embeddable":true,"href":"https:\/\/www.cuellar.es\/murallasdecuellar\/wp-json\/wp\/v2\/comments?post=761"}],"version-history":[{"count":7,"href":"https:\/\/www.cuellar.es\/murallasdecuellar\/wp-json\/wp\/v2\/pages\/761\/revisions"}],"predecessor-version":[{"id":763,"href":"https:\/\/www.cuellar.es\/murallasdecuellar\/wp-json\/wp\/v2\/pages\/761\/revisions\/763"}],"wp:attachment":[{"href":"https:\/\/www.cuellar.es\/murallasdecuellar\/wp-json\/wp\/v2\/media?parent=761"}],"curies":[{"name":"wp","href":"https:\/\/api.w.org\/{rel}","templated":true}]}}