{"id":596,"date":"2012-02-05T11:41:43","date_gmt":"2012-02-05T11:41:43","guid":{"rendered":"https:\/\/www.cuellar.es\/murallasdecuellar\/?page_id=596"},"modified":"2012-02-08T09:01:42","modified_gmt":"2012-02-08T09:01:42","slug":"la-explanada-del-castillo","status":"publish","type":"page","link":"https:\/\/www.cuellar.es\/murallasdecuellar\/las-murallas-de-cuellar\/rutas-por-las-murallas\/acceso-desde-la-puerta-de-san-basilio\/la-explanada-del-castillo\/","title":{"rendered":"La Explanada del Castillo"},"content":{"rendered":"<h3>La Explanada del Castillo<\/h3>\n<p>Lo que conocemos tambi\u00e9n como \u201cEl Ferial\u201d es el espacio que vemos delante del castillo y que ha estado ocupado desde la Edad del Hierro. La primera ocupaci\u00f3n se produjo con un poblado celtib\u00e9rico del que se han descubierto restos de varios poblados con asentamientos continuados desde el siglo IV\u00ba al l\u00ba antes de Cristo (cer\u00e1micas, horno, pesas de telas, adobes, pisos de viviendas,&#8230;).<\/p>\n<p>Con el inicio de la Edad Antigua se produce el abandono de este lugar -posiblemente forzado con la llegada de los romanos- no volvi\u00e9ndose a ocupar hasta la Alta Edad Media, \u00e9poca en que se convierte en punto de encuentro para la realizaci\u00f3n de eventos p\u00fablicos: torneos y justas. Durante la Edad Contempor\u00e1nea se utiliz\u00f3 como feria de ganados, y en la actualidad es escenario de la feria multisectorial.<\/p>\n<p>&nbsp;<\/p>\n<h3>Las murallas<\/h3>\n<p>El espacio de la explanada crea un recinto pr\u00e1cticamente cerrado al estar rodeado por las murallas, el castillo y la iglesia de San Mart\u00edn. En esta explanada, a pesar de que no se ha podido demostrar, algunos estudiosos han planteado la existencia de otra muralla que desde la puerta de San Basilio iba hacia la torre de la iglesia de San Mart\u00edn, para terminar junto al portillo que acced\u00eda a la Huerta del Duque.<\/p>\n<p>En la actualidad se pueden recorrer los dos tramos de muralla que partiendo del castillo cierran el primer recinto amurallado de la ciudadela medieval. El principal acceso desde el exterior a la ciudadela se produc\u00eda desde la puerta de San Basilio, existiendo un portillo en el lienzo sur que conectaba directamente la explanada con la Huerta del Duque.<\/p>\n<p>&nbsp;<\/p>\n<h3>El Castillo<\/h3>\n<p>La impresionante panor\u00e1mica del castillo, a \u201cvista de p\u00e1jaro\u201d, nos invita a descubrir los secretos que encierra en su interior. Vemos la Torre del Homenaje en primer lugar, la contramuralla con su foso, el actual acceso al castillo, y al fondo el \u201cTorre\u00f3n de la Memoria\u201d con sus personajes contando sus historias.<\/p>\n<h3>Iglesia de San Mart\u00edn<\/h3>\n<p>Se levant\u00f3 sobre una planta con nave central y dos laterales, cerradas en sus cabeceras con tres \u00e1bsides semicirculares, en los que sobre un z\u00f3calo de mamposter\u00eda destacan una sucesi\u00f3n de arcos de ladrillo doblados en franjas superpuestas que caracterizan la arquitectura mud\u00e9jar en las iglesias de Cu\u00e9llar. Del conjunto destaca su esbelta torre construida con posterioridad al templo, ocupando parte del atrio mud\u00e9jar del lado Oeste de la iglesia. Hoy d\u00eda esta iglesia alberga el Centro de Interpretaci\u00f3n del Arte Mud\u00e9jar; un viaje hacia el medievo a trav\u00e9s de la imagen, la m\u00fasica y el sonido.<\/p>\n","protected":false},"excerpt":{"rendered":"<p>La Explanada del Castillo Lo que conocemos tambi\u00e9n como \u201cEl Ferial\u201d es el espacio que vemos delante del castillo y que ha estado ocupado desde la Edad del Hierro. La primera ocupaci\u00f3n se produjo con un poblado celtib\u00e9rico del que se han descubierto restos de varios poblados con asentamientos continuados desde el siglo IV\u00ba al &hellip; <\/p>\n<p><a class=\"more-link btn\" href=\"https:\/\/www.cuellar.es\/murallasdecuellar\/las-murallas-de-cuellar\/rutas-por-las-murallas\/acceso-desde-la-puerta-de-san-basilio\/la-explanada-del-castillo\/\">Seguir leyendo<\/a><\/p>\n","protected":false},"author":4,"featured_media":0,"parent":589,"menu_order":3,"comment_status":"closed","ping_status":"closed","template":"","meta":{"ngg_post_thumbnail":0,"footnotes":""},"class_list":["post-596","page","type-page","status-publish","hentry","nodate","item-wrap"],"_links":{"self":[{"href":"https:\/\/www.cuellar.es\/murallasdecuellar\/wp-json\/wp\/v2\/pages\/596","targetHints":{"allow":["GET"]}}],"collection":[{"href":"https:\/\/www.cuellar.es\/murallasdecuellar\/wp-json\/wp\/v2\/pages"}],"about":[{"href":"https:\/\/www.cuellar.es\/murallasdecuellar\/wp-json\/wp\/v2\/types\/page"}],"author":[{"embeddable":true,"href":"https:\/\/www.cuellar.es\/murallasdecuellar\/wp-json\/wp\/v2\/users\/4"}],"replies":[{"embeddable":true,"href":"https:\/\/www.cuellar.es\/murallasdecuellar\/wp-json\/wp\/v2\/comments?post=596"}],"version-history":[{"count":2,"href":"https:\/\/www.cuellar.es\/murallasdecuellar\/wp-json\/wp\/v2\/pages\/596\/revisions"}],"predecessor-version":[{"id":901,"href":"https:\/\/www.cuellar.es\/murallasdecuellar\/wp-json\/wp\/v2\/pages\/596\/revisions\/901"}],"up":[{"embeddable":true,"href":"https:\/\/www.cuellar.es\/murallasdecuellar\/wp-json\/wp\/v2\/pages\/589"}],"wp:attachment":[{"href":"https:\/\/www.cuellar.es\/murallasdecuellar\/wp-json\/wp\/v2\/media?parent=596"}],"curies":[{"name":"wp","href":"https:\/\/api.w.org\/{rel}","templated":true}]}}