{"id":594,"date":"2012-02-05T11:37:39","date_gmt":"2012-02-05T11:37:39","guid":{"rendered":"https:\/\/www.cuellar.es\/murallasdecuellar\/?page_id=594"},"modified":"2012-02-08T09:00:26","modified_gmt":"2012-02-08T09:00:26","slug":"el-arrabal-de-san-andres","status":"publish","type":"page","link":"https:\/\/www.cuellar.es\/murallasdecuellar\/las-murallas-de-cuellar\/rutas-por-las-murallas\/acceso-desde-la-puerta-de-san-basilio\/el-arrabal-de-san-andres\/","title":{"rendered":"El arrabal de San Andr\u00e9s"},"content":{"rendered":"<p>Desde este punto de la muralla podemos apreciar las vistas del barrio Norte de la Villa levantado extramuros de la ciudadela entorno a la iglesia de San Andr\u00e9s y el convento de San Basilio.<\/p>\n<p>&nbsp;<\/p>\n<h3>Convento de San Basilio<\/h3>\n<p>El primitivo convento de San Basilio, fundado en el siglo XIII, conocido tambi\u00e9n como N\u00aa S\u00aa de la Salud estaba destinado a los monjes basilios y se encontraba junto al r\u00edo Cega. En el a\u00f1o 1606 los monjes se trasladan al nuevo convento levantado extramuros de la Villa, junto a la puerta de Robledo o puerta de San Basilio.<\/p>\n<p>La iglesia tuvo varias im\u00e1genes y reliquias, destacando la imagen de Nuestra S\u00aa de la Rochela,\u00a0 talla g\u00f3tica procedente de la ciudad francesa de La Rochelle.<\/p>\n<p>&nbsp;<\/p>\n<h3>Iglesia de San Andr\u00e9s<\/h3>\n<p>Es considerada<strong> <\/strong>el mejor y m\u00e1s completo ejemplo de la arquitectura mud\u00e9jar en nuestra regi\u00f3n, aunque tambi\u00e9n posea restos rom\u00e1nicos en las portadas y z\u00f3calo. Su planta, consta de una nave central y dos laterales que se completan con tres \u00e1bsides decorados con series de arquer\u00edas ciegas de ladrillos, decoraci\u00f3n que se extiende a los muros de las naves. En el interior del templo se conservan interesantes pinturas murales policromadas y\u00a0 una amplia recopilaci\u00f3n de escultura: Cristo de San Gil, Virgen de la Rochela y un importante Calvario de estilo bizantino.<\/p>\n<p>&nbsp;<\/p>\n<h3>Arco de San Andr\u00e9s<\/h3>\n<p>Aunque en la actualidad solamente se aprecia un arco mud\u00e9jar, \u00e9ste form\u00f3 parte de una de las puertas del segundo recinto amurallado\u00a0 que facilitaba el acceso a los vecinos del arrabal de San Andr\u00e9s. As\u00ed, de los restos conservados destaca un arco de medio punto con su alfiz en ladrillo, reforzado posteriormente con dovelas de piedra caliza; y en la clave del arco el escudo del Concejo de Cu\u00e9llar.<\/p>\n<p>&nbsp;<\/p>\n<h3>Muralla de la calle de la Barrera<\/h3>\n<p>Desde la puerta de San Basilio hacia el Este continuaba la muralla del primer recinto junto a la calle la Barrera hasta llegar a la puerta de San Andr\u00e9s. Este tramo de muralla solamente se conserva un torre\u00f3n mud\u00e9jar y un tramo de muralla.\u00a0 El pa\u00f1o que falta\u00a0 desde San Basilio tenemos que imaginarlo coincidiendo con el l\u00edmite de las viviendas de la calle la Barrera.<\/p>\n","protected":false},"excerpt":{"rendered":"<p>Desde este punto de la muralla podemos apreciar las vistas del barrio Norte de la Villa levantado extramuros de la ciudadela entorno a la iglesia de San Andr\u00e9s y el convento de San Basilio. &nbsp; Convento de San Basilio El primitivo convento de San Basilio, fundado en el siglo XIII, conocido tambi\u00e9n como N\u00aa S\u00aa &hellip; <\/p>\n<p><a class=\"more-link btn\" href=\"https:\/\/www.cuellar.es\/murallasdecuellar\/las-murallas-de-cuellar\/rutas-por-las-murallas\/acceso-desde-la-puerta-de-san-basilio\/el-arrabal-de-san-andres\/\">Seguir leyendo<\/a><\/p>\n","protected":false},"author":4,"featured_media":0,"parent":589,"menu_order":2,"comment_status":"closed","ping_status":"closed","template":"","meta":{"ngg_post_thumbnail":0,"footnotes":""},"class_list":["post-594","page","type-page","status-publish","hentry","nodate","item-wrap"],"_links":{"self":[{"href":"https:\/\/www.cuellar.es\/murallasdecuellar\/wp-json\/wp\/v2\/pages\/594","targetHints":{"allow":["GET"]}}],"collection":[{"href":"https:\/\/www.cuellar.es\/murallasdecuellar\/wp-json\/wp\/v2\/pages"}],"about":[{"href":"https:\/\/www.cuellar.es\/murallasdecuellar\/wp-json\/wp\/v2\/types\/page"}],"author":[{"embeddable":true,"href":"https:\/\/www.cuellar.es\/murallasdecuellar\/wp-json\/wp\/v2\/users\/4"}],"replies":[{"embeddable":true,"href":"https:\/\/www.cuellar.es\/murallasdecuellar\/wp-json\/wp\/v2\/comments?post=594"}],"version-history":[{"count":3,"href":"https:\/\/www.cuellar.es\/murallasdecuellar\/wp-json\/wp\/v2\/pages\/594\/revisions"}],"predecessor-version":[{"id":900,"href":"https:\/\/www.cuellar.es\/murallasdecuellar\/wp-json\/wp\/v2\/pages\/594\/revisions\/900"}],"up":[{"embeddable":true,"href":"https:\/\/www.cuellar.es\/murallasdecuellar\/wp-json\/wp\/v2\/pages\/589"}],"wp:attachment":[{"href":"https:\/\/www.cuellar.es\/murallasdecuellar\/wp-json\/wp\/v2\/media?parent=594"}],"curies":[{"name":"wp","href":"https:\/\/api.w.org\/{rel}","templated":true}]}}