{"id":581,"date":"2012-02-05T11:16:59","date_gmt":"2012-02-05T11:16:59","guid":{"rendered":"https:\/\/www.cuellar.es\/murallasdecuellar\/?page_id=581"},"modified":"2012-02-05T21:20:08","modified_gmt":"2012-02-05T21:20:08","slug":"el-castillo","status":"publish","type":"page","link":"https:\/\/www.cuellar.es\/murallasdecuellar\/las-murallas-de-cuellar\/rutas-por-las-murallas\/el-nuevo-acceso-a-la-muralla-desde-la-explanada-del-castillo\/el-castillo\/","title":{"rendered":"El Castillo"},"content":{"rendered":"<p style=\"text-align: left;\">Una vez subimos al paseo de ronda lo primero que\u00a0 podemos disfrutar es de una de las mejores perspectivas de este imponente castillo-palacio y de la Huerta del Duque.<\/p>\n<p>&nbsp;<\/p>\n<h3>Torre\u00f3n Sureste<\/h3>\n<p>Si los primeros documentos escritos sobre el castillo son del siglo XIII, cuando Alfonso X el Sabio permite utilizar la recaudaci\u00f3n de multas para reparar el castillo, los primitivos restos arquitect\u00f3nicos de este torre\u00f3n son del siglo XI, una antigua puerta\u00a0\u00a0 mud\u00e9jar. As\u00ed, ocultos tras los sillares exteriores del torre\u00f3n podemos apreciar arcos de ladrillos, muros de tapial,\u00a0 ventanas y estrechos pasadizos altomedievales mud\u00e9jares.<\/p>\n<p>A este torre\u00f3n sureste tambi\u00e9n se le conoce como <strong><em>\u201cTorre\u00f3n de la Memoria\u201d<\/em><\/strong> ya que en \u00e9l se realizan las representaciones teatralizadas para disfrute de todo aquel\u00a0 que se acerque a este castillo durante el fin de semana,\u00a0 pudiendo convivir con los diferentes personajes que lo habitaron a trav\u00e9s de la magia del teatro.<\/p>\n<p>&nbsp;<\/p>\n<h3>Foso<\/h3>\n<p>A\u00fan hoy d\u00eda se aprecia <strong>el foso<\/strong> excavado delante de la barbacana utilizado para proteger la contramuralla y el propio muro del castillo.<\/p>\n<p>&nbsp;<\/p>\n<h3>Barbacana<\/h3>\n<p>Es la muralla de menor tama\u00f1o que se extiende en paralelo al muro Este del castillo uniendo las dos puertas de acceso de esta imponente fortaleza. Completan la barbacana cinco peque\u00f1os torreones semicirculares que albergan en su interior las c\u00e1maras de tiro con sus respectivas troneras.<\/p>\n<p>&nbsp;<\/p>\n<h3>Liza<\/h3>\n<p>Espacio existente entre la barbacana y el muro del castillo considerado\u00a0 un pasillo-trampa, puesto que una vez el enemigo se encontraba en su interior pod\u00edan cerrarse\u00a0 las dos puertas de sus extremos y quedarse totalmente aislados.<\/p>\n<p>&nbsp;<\/p>\n<h3>Torre del Homenaje<\/h3>\n<p>Mandada construir de buena siller\u00eda por D. \u00c1lvaro de Luna<strong> <\/strong>destaca del conjunto por su altura y forma circular. Cuenta con dos salas de b\u00f3vedas nervadas: la primera en la planta baja destinada a Oficina de Turismo y la de la planta superior\u00a0 que es el Archivo Hist\u00f3rico de la Casa Ducal de Alburquerque.<\/p>\n","protected":false},"excerpt":{"rendered":"<p>Una vez subimos al paseo de ronda lo primero que\u00a0 podemos disfrutar es de una de las mejores perspectivas de este imponente castillo-palacio y de la Huerta del Duque. &nbsp; Torre\u00f3n Sureste Si los primeros documentos escritos sobre el castillo son del siglo XIII, cuando Alfonso X el Sabio permite utilizar la recaudaci\u00f3n de multas &hellip; <\/p>\n<p><a class=\"more-link btn\" href=\"https:\/\/www.cuellar.es\/murallasdecuellar\/las-murallas-de-cuellar\/rutas-por-las-murallas\/el-nuevo-acceso-a-la-muralla-desde-la-explanada-del-castillo\/el-castillo\/\">Seguir leyendo<\/a><\/p>\n","protected":false},"author":4,"featured_media":0,"parent":579,"menu_order":1,"comment_status":"closed","ping_status":"closed","template":"","meta":{"ngg_post_thumbnail":0,"footnotes":""},"class_list":["post-581","page","type-page","status-publish","hentry","nodate","item-wrap"],"_links":{"self":[{"href":"https:\/\/www.cuellar.es\/murallasdecuellar\/wp-json\/wp\/v2\/pages\/581","targetHints":{"allow":["GET"]}}],"collection":[{"href":"https:\/\/www.cuellar.es\/murallasdecuellar\/wp-json\/wp\/v2\/pages"}],"about":[{"href":"https:\/\/www.cuellar.es\/murallasdecuellar\/wp-json\/wp\/v2\/types\/page"}],"author":[{"embeddable":true,"href":"https:\/\/www.cuellar.es\/murallasdecuellar\/wp-json\/wp\/v2\/users\/4"}],"replies":[{"embeddable":true,"href":"https:\/\/www.cuellar.es\/murallasdecuellar\/wp-json\/wp\/v2\/comments?post=581"}],"version-history":[{"count":6,"href":"https:\/\/www.cuellar.es\/murallasdecuellar\/wp-json\/wp\/v2\/pages\/581\/revisions"}],"predecessor-version":[{"id":605,"href":"https:\/\/www.cuellar.es\/murallasdecuellar\/wp-json\/wp\/v2\/pages\/581\/revisions\/605"}],"up":[{"embeddable":true,"href":"https:\/\/www.cuellar.es\/murallasdecuellar\/wp-json\/wp\/v2\/pages\/579"}],"wp:attachment":[{"href":"https:\/\/www.cuellar.es\/murallasdecuellar\/wp-json\/wp\/v2\/media?parent=581"}],"curies":[{"name":"wp","href":"https:\/\/api.w.org\/{rel}","templated":true}]}}