{"id":546,"date":"2012-02-04T23:05:26","date_gmt":"2012-02-04T23:05:26","guid":{"rendered":"https:\/\/www.cuellar.es\/murallasdecuellar\/?page_id=546"},"modified":"2012-02-04T23:05:26","modified_gmt":"2012-02-04T23:05:26","slug":"la-muralla-desde-san-andres-a-la-juderia","status":"publish","type":"page","link":"https:\/\/www.cuellar.es\/murallasdecuellar\/las-murallas-de-cuellar\/descripcion-de-las-murallas\/recinto-murado-de-la-ciudad\/tramo-5-de-la-puerta-de-san-andres-a-la-puerta-de-la-juderia\/la-muralla-desde-san-andres-a-la-juderia\/","title":{"rendered":"La Muralla desde San Andr\u00e9s a la Juder\u00eda"},"content":{"rendered":"<p>El tramo desde San Andr\u00e9s hasta la Juder\u00eda muestra una muralla muy deteriorada que aparece bastante oculta entre las viviendas que se encuentran adosadas al interior y exterior de la muralla. Desde la puerta de San Andr\u00e9s se puede ver un escudo de la casa de Alburquerque con las armas de La Cueva. Respecto a la barbacana o contramuralla se han encontrado restos en el subsuelo de la calle junto a la puerta de San Andr\u00e9s que contin\u00faan en direcci\u00f3n suroeste junto a la calle de La Barrera, que tiene este nombre por ir la \u201dBarrera\u201d o contramuralla por dicha calle.<\/p>\n","protected":false},"excerpt":{"rendered":"<p>El tramo desde San Andr\u00e9s hasta la Juder\u00eda muestra una muralla muy deteriorada que aparece bastante oculta entre las viviendas que se encuentran adosadas al interior y exterior de la muralla. Desde la puerta de San Andr\u00e9s se puede ver un escudo de la casa de Alburquerque con las armas de La Cueva. Respecto a &hellip; <\/p>\n<p><a class=\"more-link btn\" href=\"https:\/\/www.cuellar.es\/murallasdecuellar\/las-murallas-de-cuellar\/descripcion-de-las-murallas\/recinto-murado-de-la-ciudad\/tramo-5-de-la-puerta-de-san-andres-a-la-puerta-de-la-juderia\/la-muralla-desde-san-andres-a-la-juderia\/\">Seguir leyendo<\/a><\/p>\n","protected":false},"author":4,"featured_media":0,"parent":542,"menu_order":2,"comment_status":"closed","ping_status":"closed","template":"","meta":{"ngg_post_thumbnail":0,"footnotes":""},"class_list":["post-546","page","type-page","status-publish","hentry","nodate","item-wrap"],"_links":{"self":[{"href":"https:\/\/www.cuellar.es\/murallasdecuellar\/wp-json\/wp\/v2\/pages\/546","targetHints":{"allow":["GET"]}}],"collection":[{"href":"https:\/\/www.cuellar.es\/murallasdecuellar\/wp-json\/wp\/v2\/pages"}],"about":[{"href":"https:\/\/www.cuellar.es\/murallasdecuellar\/wp-json\/wp\/v2\/types\/page"}],"author":[{"embeddable":true,"href":"https:\/\/www.cuellar.es\/murallasdecuellar\/wp-json\/wp\/v2\/users\/4"}],"replies":[{"embeddable":true,"href":"https:\/\/www.cuellar.es\/murallasdecuellar\/wp-json\/wp\/v2\/comments?post=546"}],"version-history":[{"count":2,"href":"https:\/\/www.cuellar.es\/murallasdecuellar\/wp-json\/wp\/v2\/pages\/546\/revisions"}],"predecessor-version":[{"id":548,"href":"https:\/\/www.cuellar.es\/murallasdecuellar\/wp-json\/wp\/v2\/pages\/546\/revisions\/548"}],"up":[{"embeddable":true,"href":"https:\/\/www.cuellar.es\/murallasdecuellar\/wp-json\/wp\/v2\/pages\/542"}],"wp:attachment":[{"href":"https:\/\/www.cuellar.es\/murallasdecuellar\/wp-json\/wp\/v2\/media?parent=546"}],"curies":[{"name":"wp","href":"https:\/\/api.w.org\/{rel}","templated":true}]}}