{"id":540,"date":"2012-02-04T23:01:44","date_gmt":"2012-02-04T23:01:44","guid":{"rendered":"https:\/\/www.cuellar.es\/murallasdecuellar\/?page_id=540"},"modified":"2012-02-04T23:01:44","modified_gmt":"2012-02-04T23:01:44","slug":"la-capilla-y-el-hospital-de-la-magdalena","status":"publish","type":"page","link":"https:\/\/www.cuellar.es\/murallasdecuellar\/las-murallas-de-cuellar\/descripcion-de-las-murallas\/recinto-murado-de-la-ciudad\/tramo-4-de-la-puerta-de-carchena-a-la-puerta-de-san-andres\/la-capilla-y-el-hospital-de-la-magdalena\/","title":{"rendered":"La Capilla y el Hospital de la Magdalena"},"content":{"rendered":"<p>Junto a la muralla y en parte sobre la misma se encuentra un singular edificio que lo formaban el Hospital de Santa Mar\u00eda Magdalena y la Capilla del propio hospital.<\/p>\n<p>El Hospital de la Magdalena fue fundado por el Arcediano G\u00f3mez Gonz\u00e1lez en 1429 para atender a las personas necesitadas. Seg\u00fan una descripci\u00f3n del cl\u00e9rigo, el edificio se compondr\u00eda de la capilla, con una sacrist\u00eda para guardar las arcas con el dinero y los ornamentos, y dos enfermer\u00edas dispuestas para que desde ellas pudieran o\u00edr misa los enfermos. La portada de la capilla es g\u00f3tica, con los escudos del Duque de Alburquerque y del fundador y sobre ellos, una imagen de Santa Mar\u00eda Magdalena en piedra. Hay una placa fundacional indescifrable que algunos estudiosos consideran pudiera estar escrita en hebreo. En el interior, en la hornacina central del retablo barroco, se dispone la santa titular flanqueada por San Roque y San Esteban el Joven. Se han encontrado tambi\u00e9n pinturas de diferentes \u00e9pocas en sus paredes, algunas de ellas superpuestas.<\/p>\n<p>En la actualidad parte de lo que fue el hospital de la Magdalena se ha acondicionado como albergue juvenil para poder ser utilizado por unas 60 personas.<\/p>\n","protected":false},"excerpt":{"rendered":"<p>Junto a la muralla y en parte sobre la misma se encuentra un singular edificio que lo formaban el Hospital de Santa Mar\u00eda Magdalena y la Capilla del propio hospital. El Hospital de la Magdalena fue fundado por el Arcediano G\u00f3mez Gonz\u00e1lez en 1429 para atender a las personas necesitadas. Seg\u00fan una descripci\u00f3n del cl\u00e9rigo, &hellip; <\/p>\n<p><a class=\"more-link btn\" href=\"https:\/\/www.cuellar.es\/murallasdecuellar\/las-murallas-de-cuellar\/descripcion-de-las-murallas\/recinto-murado-de-la-ciudad\/tramo-4-de-la-puerta-de-carchena-a-la-puerta-de-san-andres\/la-capilla-y-el-hospital-de-la-magdalena\/\">Seguir leyendo<\/a><\/p>\n","protected":false},"author":4,"featured_media":0,"parent":527,"menu_order":3,"comment_status":"closed","ping_status":"closed","template":"","meta":{"ngg_post_thumbnail":0,"footnotes":""},"class_list":["post-540","page","type-page","status-publish","hentry","nodate","item-wrap"],"_links":{"self":[{"href":"https:\/\/www.cuellar.es\/murallasdecuellar\/wp-json\/wp\/v2\/pages\/540","targetHints":{"allow":["GET"]}}],"collection":[{"href":"https:\/\/www.cuellar.es\/murallasdecuellar\/wp-json\/wp\/v2\/pages"}],"about":[{"href":"https:\/\/www.cuellar.es\/murallasdecuellar\/wp-json\/wp\/v2\/types\/page"}],"author":[{"embeddable":true,"href":"https:\/\/www.cuellar.es\/murallasdecuellar\/wp-json\/wp\/v2\/users\/4"}],"replies":[{"embeddable":true,"href":"https:\/\/www.cuellar.es\/murallasdecuellar\/wp-json\/wp\/v2\/comments?post=540"}],"version-history":[{"count":1,"href":"https:\/\/www.cuellar.es\/murallasdecuellar\/wp-json\/wp\/v2\/pages\/540\/revisions"}],"predecessor-version":[{"id":541,"href":"https:\/\/www.cuellar.es\/murallasdecuellar\/wp-json\/wp\/v2\/pages\/540\/revisions\/541"}],"up":[{"embeddable":true,"href":"https:\/\/www.cuellar.es\/murallasdecuellar\/wp-json\/wp\/v2\/pages\/527"}],"wp:attachment":[{"href":"https:\/\/www.cuellar.es\/murallasdecuellar\/wp-json\/wp\/v2\/media?parent=540"}],"curies":[{"name":"wp","href":"https:\/\/api.w.org\/{rel}","templated":true}]}}