{"id":483,"date":"2012-02-04T22:12:14","date_gmt":"2012-02-04T22:12:14","guid":{"rendered":"https:\/\/www.cuellar.es\/murallasdecuellar\/?page_id=483"},"modified":"2012-02-04T22:12:14","modified_gmt":"2012-02-04T22:12:14","slug":"el-parque-arqueologico-de-san-esteban","status":"publish","type":"page","link":"https:\/\/www.cuellar.es\/murallasdecuellar\/las-murallas-de-cuellar\/descripcion-de-las-murallas\/las-murallas-de-la-ciudadela\/tramos-3-de-la-puerta-de-santiago-a-la-puerta-de-la-juderia\/el-parque-arqueologico-de-san-esteban\/","title":{"rendered":"El Parque Arqueol\u00f3gico de San Esteban"},"content":{"rendered":"<h3>Los enterramientos<\/h3>\n<p>El entorno de la iglesia mud\u00e9jar de San Esteban fue utilizado desde los primeros tiempos de la iglesia, all\u00e1 por el siglo XII, como lugar de enterramiento para los vecinos de esta parroquia. Los finados eran depositados en dec\u00fabito supino en unas tumbas antropomorfas que eran excavadas en la toba o roca caliza formando grupos familiares y alineados en calle con orientaci\u00f3n Oeste-Este, es decir, la cabeza estaba al Oeste y los pies al Este. Una vez depositados en un fondo que no superaba los 50 cm de profundidad se colocaban transversalmente unas lajas de piedra caliza tapando el enterramiento, pasando posteriormente a cubrirlo con tierra, de tal forma que solamente se localizaban las tumbas con las estelas funerarias discoidales que se colocaban junto a las tumbas, aunque que en esta necr\u00f3polis no se ha encontrado ninguna de estas estelas.<\/p>\n<p>Adem\u00e1s de las tumbas antropomorfas se encontraron en esta necr\u00f3polis varios silos y unas pilas.<\/p>\n<p>&nbsp;<\/p>\n<h3>Los silos<\/h3>\n<p>Parece que una vez se abandona como lugar de enterramiento la necr\u00f3polis se procede a su utilizaci\u00f3n de este espacio con peque\u00f1as viviendas aisladas donde se excavaron en la roca caliza varios silos para guardar trigo u otros restos que se utilizar\u00edan como alimento en conserva.<\/p>\n<p>Estos silos subterr\u00e1neos tiene una forma globular que pacer\u00edan \u201c\u00e1nforas enterradas\u201d de tal forma que su parte superior o boca ten\u00edan una superficie circular no superior a 50 cm y paulatinamente seg\u00fan se profundizaba se iban ampliando hasta tener di\u00e1metros superiores 1,5 metros. La profundidad de estos silos puede llegar a superar los 2 metros.<\/p>\n<p>&nbsp;<\/p>\n<h3>Las pilas<\/h3>\n<p>En la parte superior del Parque Arqueol\u00f3gico se descubrieron tres pilas a diferentes alturas, que conectas entre ellas formaban un grupo de piletas que servir\u00edan para el te\u00f1ido de telas, o que ser\u00eda una peque\u00f1a tener\u00eda.<\/p>\n<p>&nbsp;<\/p>\n<h3>El Parque Arqueol\u00f3gico<\/h3>\n<p>El inter\u00e9s por mostrar los restos arqueol\u00f3gicos descubiertos hizo que se realizase un parque arqueol\u00f3gico visitable donde los restos quedasen protegidos y la visita tur\u00edstica fuese los m\u00e1s real posible. En primer lugar se protegieron los restos excavados y en una cota superior, coincidiendo con la localizaci\u00f3n de los restos arqueol\u00f3gicos, se realizaron copias a tama\u00f1o natural de las tumbas y las pilas, dejando a la vista los silos originales tapados con cristales reforzados.<\/p>\n<p>As\u00ed pues, este Parque Arqueol\u00f3gico es un espacio abierto al p\u00fablico y puede ser visitado en cualquier momento por el p\u00fablico que se encuentra se\u00f1alizado e iluminado.<\/p>\n","protected":false},"excerpt":{"rendered":"<p>Los enterramientos El entorno de la iglesia mud\u00e9jar de San Esteban fue utilizado desde los primeros tiempos de la iglesia, all\u00e1 por el siglo XII, como lugar de enterramiento para los vecinos de esta parroquia. Los finados eran depositados en dec\u00fabito supino en unas tumbas antropomorfas que eran excavadas en la toba o roca caliza &hellip; <\/p>\n<p><a class=\"more-link btn\" href=\"https:\/\/www.cuellar.es\/murallasdecuellar\/las-murallas-de-cuellar\/descripcion-de-las-murallas\/las-murallas-de-la-ciudadela\/tramos-3-de-la-puerta-de-santiago-a-la-puerta-de-la-juderia\/el-parque-arqueologico-de-san-esteban\/\">Seguir leyendo<\/a><\/p>\n","protected":false},"author":4,"featured_media":0,"parent":473,"menu_order":4,"comment_status":"closed","ping_status":"closed","template":"","meta":{"ngg_post_thumbnail":0,"footnotes":""},"class_list":["post-483","page","type-page","status-publish","hentry","nodate","item-wrap"],"_links":{"self":[{"href":"https:\/\/www.cuellar.es\/murallasdecuellar\/wp-json\/wp\/v2\/pages\/483","targetHints":{"allow":["GET"]}}],"collection":[{"href":"https:\/\/www.cuellar.es\/murallasdecuellar\/wp-json\/wp\/v2\/pages"}],"about":[{"href":"https:\/\/www.cuellar.es\/murallasdecuellar\/wp-json\/wp\/v2\/types\/page"}],"author":[{"embeddable":true,"href":"https:\/\/www.cuellar.es\/murallasdecuellar\/wp-json\/wp\/v2\/users\/4"}],"replies":[{"embeddable":true,"href":"https:\/\/www.cuellar.es\/murallasdecuellar\/wp-json\/wp\/v2\/comments?post=483"}],"version-history":[{"count":1,"href":"https:\/\/www.cuellar.es\/murallasdecuellar\/wp-json\/wp\/v2\/pages\/483\/revisions"}],"predecessor-version":[{"id":484,"href":"https:\/\/www.cuellar.es\/murallasdecuellar\/wp-json\/wp\/v2\/pages\/483\/revisions\/484"}],"up":[{"embeddable":true,"href":"https:\/\/www.cuellar.es\/murallasdecuellar\/wp-json\/wp\/v2\/pages\/473"}],"wp:attachment":[{"href":"https:\/\/www.cuellar.es\/murallasdecuellar\/wp-json\/wp\/v2\/media?parent=483"}],"curies":[{"name":"wp","href":"https:\/\/api.w.org\/{rel}","templated":true}]}}