{"id":471,"date":"2012-02-04T21:57:51","date_gmt":"2012-02-04T21:57:51","guid":{"rendered":"https:\/\/www.cuellar.es\/murallasdecuellar\/?page_id=471"},"modified":"2012-02-04T21:57:51","modified_gmt":"2012-02-04T21:57:51","slug":"la-iglesia-de-santiago","status":"publish","type":"page","link":"https:\/\/www.cuellar.es\/murallasdecuellar\/las-murallas-de-cuellar\/descripcion-de-las-murallas\/las-murallas-de-la-ciudadela\/tramo-2-del-castillo-a-la-puerta-de-santiago\/la-muralla-desde-la-puerta-de-las-cuevas-a-la-puerta-de-santiago\/la-iglesia-de-santiago\/","title":{"rendered":"La iglesia de Santiago"},"content":{"rendered":"<p>En la actualidad s\u00f3lo se conserva su \u00e1bside mud\u00e9jar y parte de la nave central. Su origen se remonta al menos a mediados del siglo XIII. En ella se celebraban las ceremonias de investidura de los Caballeros de la Orden y tambi\u00e9n se conservaba el archivo de \u00abLa Casa de los Linajes\u00bb.<\/p>\n<p>La planta de la iglesia muestra una nave central con su \u00e1bside y dos estrechas naves laterales que por los escasos retos conservados y por las fotograf\u00edas antiguas existentes ser\u00edan con cerramiento plano en las cabeceras y de f\u00e1brica de ladrillo; terminando el templo en su lado Sur con un atrio porticado de arcos de ladrillo mud\u00e9jares.<\/p>\n<p>El \u00e1bside semicircular se levant\u00f3 con dos arquer\u00edas cegadas realizadas con f\u00e1brica de ladrillos, doblada la superior y bajo un dintel los arcos de la inferior. \u00c9stos se pueden contemplar tanto en el exterior como en el interior por encontrarse este espacio totalmente abierto al p\u00fablico.<\/p>\n<p>En el interior del \u00e1bside se conservan varias capas de pintura mural mud\u00e9jares donde se encuentran dibujadas figuras geom\u00e9tricas (c\u00edrculos, grecas) e imitaciones de siller\u00edas de colores rojos y negros. Bajo sus muros se han encontrado enterramientos antropomorfos de fechas anteriores al \u00e1bside.<\/p>\n","protected":false},"excerpt":{"rendered":"<p>En la actualidad s\u00f3lo se conserva su \u00e1bside mud\u00e9jar y parte de la nave central. Su origen se remonta al menos a mediados del siglo XIII. En ella se celebraban las ceremonias de investidura de los Caballeros de la Orden y tambi\u00e9n se conservaba el archivo de \u00abLa Casa de los Linajes\u00bb. La planta de &hellip; <\/p>\n<p><a class=\"more-link btn\" href=\"https:\/\/www.cuellar.es\/murallasdecuellar\/las-murallas-de-cuellar\/descripcion-de-las-murallas\/las-murallas-de-la-ciudadela\/tramo-2-del-castillo-a-la-puerta-de-santiago\/la-muralla-desde-la-puerta-de-las-cuevas-a-la-puerta-de-santiago\/la-iglesia-de-santiago\/\">Seguir leyendo<\/a><\/p>\n","protected":false},"author":4,"featured_media":0,"parent":464,"menu_order":3,"comment_status":"closed","ping_status":"closed","template":"","meta":{"ngg_post_thumbnail":0,"footnotes":""},"class_list":["post-471","page","type-page","status-publish","hentry","nodate","item-wrap"],"_links":{"self":[{"href":"https:\/\/www.cuellar.es\/murallasdecuellar\/wp-json\/wp\/v2\/pages\/471","targetHints":{"allow":["GET"]}}],"collection":[{"href":"https:\/\/www.cuellar.es\/murallasdecuellar\/wp-json\/wp\/v2\/pages"}],"about":[{"href":"https:\/\/www.cuellar.es\/murallasdecuellar\/wp-json\/wp\/v2\/types\/page"}],"author":[{"embeddable":true,"href":"https:\/\/www.cuellar.es\/murallasdecuellar\/wp-json\/wp\/v2\/users\/4"}],"replies":[{"embeddable":true,"href":"https:\/\/www.cuellar.es\/murallasdecuellar\/wp-json\/wp\/v2\/comments?post=471"}],"version-history":[{"count":1,"href":"https:\/\/www.cuellar.es\/murallasdecuellar\/wp-json\/wp\/v2\/pages\/471\/revisions"}],"predecessor-version":[{"id":472,"href":"https:\/\/www.cuellar.es\/murallasdecuellar\/wp-json\/wp\/v2\/pages\/471\/revisions\/472"}],"up":[{"embeddable":true,"href":"https:\/\/www.cuellar.es\/murallasdecuellar\/wp-json\/wp\/v2\/pages\/464"}],"wp:attachment":[{"href":"https:\/\/www.cuellar.es\/murallasdecuellar\/wp-json\/wp\/v2\/media?parent=471"}],"curies":[{"name":"wp","href":"https:\/\/api.w.org\/{rel}","templated":true}]}}