{"id":420,"date":"2012-02-04T20:15:41","date_gmt":"2012-02-04T20:15:41","guid":{"rendered":"https:\/\/www.cuellar.es\/murallasdecuellar\/?page_id=420"},"modified":"2012-02-04T20:15:41","modified_gmt":"2012-02-04T20:15:41","slug":"iglesia-de-san-martin-centro-de-arte-mudejar","status":"publish","type":"page","link":"https:\/\/www.cuellar.es\/murallasdecuellar\/las-murallas-de-cuellar\/descripcion-de-las-murallas\/las-murallas-de-la-ciudadela\/tramo-1-de-la-puerta-de-san-basilio-al-castillo-de-alburquerque\/entorno-monumentarl\/iglesia-de-san-martin-centro-de-arte-mudejar\/","title":{"rendered":"Iglesia de San Mart\u00edn &#8211; Centro de Arte Mud\u00e9jar"},"content":{"rendered":"<p>Frente al Castillo se encuentra la Iglesia de San Mart\u00edn. Fue declarada tambi\u00e9n Monumento Art\u00edstico Nacional en 1931 y es una de las mejores muestras de la arquitectura de la villa. Tiene tres naves, la central m\u00e1s ancha y alta, separadas por pilares y cubiertas de ladrillo con arcos fajones, con el \u00e1bside central, con b\u00f3veda de horno, m\u00e1s grande que los laterales. En el exterior, los \u00e1bsides se decoran con arquer\u00edas ciegas de medio punto dobladas, siendo la superior arquitrabada. La torre es independiente y se sit\u00faa a los pies del templo, junto a la triple puerta de acceso.<\/p>\n<p>En el interior de la iglesia se encuentra el <strong>Centro de Interpretaci\u00f3n del Arte Mud\u00e9jar<\/strong> donde el espectador hace un recorrido que le permite una visita llena de vivencias y sensaciones que lo introduce en el Medievo, en un entorno donde conviv\u00edan cristianos, musulmanes y jud\u00edos.<\/p>\n","protected":false},"excerpt":{"rendered":"<p>Frente al Castillo se encuentra la Iglesia de San Mart\u00edn. Fue declarada tambi\u00e9n Monumento Art\u00edstico Nacional en 1931 y es una de las mejores muestras de la arquitectura de la villa. Tiene tres naves, la central m\u00e1s ancha y alta, separadas por pilares y cubiertas de ladrillo con arcos fajones, con el \u00e1bside central, con &hellip; <\/p>\n<p><a class=\"more-link btn\" href=\"https:\/\/www.cuellar.es\/murallasdecuellar\/las-murallas-de-cuellar\/descripcion-de-las-murallas\/las-murallas-de-la-ciudadela\/tramo-1-de-la-puerta-de-san-basilio-al-castillo-de-alburquerque\/entorno-monumentarl\/iglesia-de-san-martin-centro-de-arte-mudejar\/\">Seguir leyendo<\/a><\/p>\n","protected":false},"author":4,"featured_media":0,"parent":414,"menu_order":2,"comment_status":"closed","ping_status":"closed","template":"","meta":{"ngg_post_thumbnail":0,"footnotes":""},"class_list":["post-420","page","type-page","status-publish","hentry","nodate","item-wrap"],"_links":{"self":[{"href":"https:\/\/www.cuellar.es\/murallasdecuellar\/wp-json\/wp\/v2\/pages\/420","targetHints":{"allow":["GET"]}}],"collection":[{"href":"https:\/\/www.cuellar.es\/murallasdecuellar\/wp-json\/wp\/v2\/pages"}],"about":[{"href":"https:\/\/www.cuellar.es\/murallasdecuellar\/wp-json\/wp\/v2\/types\/page"}],"author":[{"embeddable":true,"href":"https:\/\/www.cuellar.es\/murallasdecuellar\/wp-json\/wp\/v2\/users\/4"}],"replies":[{"embeddable":true,"href":"https:\/\/www.cuellar.es\/murallasdecuellar\/wp-json\/wp\/v2\/comments?post=420"}],"version-history":[{"count":1,"href":"https:\/\/www.cuellar.es\/murallasdecuellar\/wp-json\/wp\/v2\/pages\/420\/revisions"}],"predecessor-version":[{"id":421,"href":"https:\/\/www.cuellar.es\/murallasdecuellar\/wp-json\/wp\/v2\/pages\/420\/revisions\/421"}],"up":[{"embeddable":true,"href":"https:\/\/www.cuellar.es\/murallasdecuellar\/wp-json\/wp\/v2\/pages\/414"}],"wp:attachment":[{"href":"https:\/\/www.cuellar.es\/murallasdecuellar\/wp-json\/wp\/v2\/media?parent=420"}],"curies":[{"name":"wp","href":"https:\/\/api.w.org\/{rel}","templated":true}]}}