{"id":411,"date":"2012-02-04T20:01:22","date_gmt":"2012-02-04T20:01:22","guid":{"rendered":"https:\/\/www.cuellar.es\/murallasdecuellar\/?page_id=411"},"modified":"2012-02-04T20:01:22","modified_gmt":"2012-02-04T20:01:22","slug":"muralla-desde-la-puerta-de-san-basilio-hasta-el-castillo","status":"publish","type":"page","link":"https:\/\/www.cuellar.es\/murallasdecuellar\/las-murallas-de-cuellar\/descripcion-de-las-murallas\/las-murallas-de-la-ciudadela\/tramo-1-de-la-puerta-de-san-basilio-al-castillo-de-alburquerque\/muralla-desde-la-puerta-de-san-basilio-hasta-el-castillo\/","title":{"rendered":"Muralla desde la Puerta de San Basilio hasta el Castillo"},"content":{"rendered":"<h3>El cerramiento de la calle del Palacio.<\/h3>\n<p>Una de las obras m\u00e1s llamativas en las murallas por su impacto visual ha sido el cerramiento de los dos tramos de la muralla que dejaban sin conexi\u00f3n la puerta de San Basilio con el castillo por su lado Norte. As\u00ed, una vez realizada una excavaci\u00f3n arqueol\u00f3gica para descubrir el trazado por donde iba la muralla, se ha recuperado este tramo uniendo ambos lados de la muralla y dejando un amplio vano en el espacio que corresponde con la calle para seguir facilitando el paso de veh\u00edculos desde el interior al exterior del Conjunto hist\u00f3rico, ya que dejarlo cerrado totalmente hubiera condenado el tr\u00e1fico rodado en esta zona de la ciudadela.<\/p>\n<p>La intervenci\u00f3n realizada ha querido diferenciar entre la obra nueva y la original en toda la muralla dejando el pa\u00f1o nuevo ligeramente remetido con respecto al antiguo, de tal forma que desde algunos metros de distancia no se aprecie esta diferencia y acerc\u00e1ndonos se vea la nueva intervenci\u00f3n. Igualmente se ha realizado el vano dejando una intervenci\u00f3n moderna, ya que no se puede confundir al visitante y hacerle creer que en este lugar hubo una puerta, cuando la puerta de esta zona era la puerta de San Basilio.<\/p>\n<h3>La contramuralla o barbacana y la liza.<\/h3>\n<p>Como antemuralla a la muralla de la ciudadela se levanta la barbacana que va en paralelo con la muralla por su lado exterior dejando un pasillo\u00a0 o liza que tiene entre 3,5 y 4,9 metros. Generalmente los restos\u00a0 de la contramuralla se han conservado en muy mal estado, aunque en el tramo entre la puerta de San Basilio y el castillo se han conservado suficientes restos para que se haya podido reconstruir una parte y otra marcada en el pavimento una vez se ha documentado con la excavaci\u00f3n arqueol\u00f3gica previamente realizada. As\u00ed se ha recuperado la barbacana a los dos lados de la\u00a0 \u201ctorre vig\u00eda\u201d que se encuentra 16 metros al noroeste de la puerta de San Basilio, que se ha levantado hasta coincidir con la cota de acceso al pasadizo que tiene dicha torre en su base.<\/p>\n<p>La contramuralla en direcci\u00f3n al castillo contin\u00faa en paralelo a la muralla llegando a tener una altura de 3 metros. El resto de la barbacana hasta el castillo\u00a0 se encuentra tapada esperando una pr\u00f3xima restauraci\u00f3n.<\/p>\n<p>Las medidas de la contramuralla, a pesar de que en altura no la tenemos, siempre son menores que la muralla. As\u00ed pues, si la muralla llega a superar los 2,8 metros de espesor, la barbacana no superar\u00eda\u00a0 los 70 cm.<\/p>\n<h3>La construcci\u00f3n de la muralla.<\/h3>\n<p>Es interesante destacar\u00a0 que a\u00fan se conserven en el pa\u00f1o interior de la muralla, cerca del castillo, restos del sistema constructivo utilizado. As\u00ed, podemos ver las huellas dejadas del sistema de encofrado\u00a0 conocido como \u201cmuro de tapial\u201d que se hac\u00eda para levantar la muralla con los siguientes detalles:<\/p>\n<ul>\n<li>Se puede ver el tama\u00f1o de cada uno de los cajones que formaban los encofrados con una longitud de 2,65 metros por una altura de 1,2 metros.<\/li>\n<li>Se aprecia el tama\u00f1o de cada uno de los cinco tablones que formaban el encofrado del caj\u00f3n con 120 cm de longitud y 24 cm de anchura.<\/li>\n<li>Se conservan los huecos de las \u201cagujas\u201d o \u201cc\u00e1rceles\u201d que eran tablillas o listones de madera que iban perpendicularmente a los tablones del caj\u00f3n y serv\u00edan\u00a0 \u00a0para dar rigidez al encofrado. Se encuentran a una distancia variable entre 25 y 102 cm. y por una profundidad 50 cm. que no llega a atravesar la muralla y que se consideran \u201cmedias agujas\u201d.<\/li>\n<li>Tambi\u00e9n algunos de los huecos podr\u00edan pertenecer a los mechinales que serv\u00edan para colocar cu\u00f1as de madera que sujetaban el andamiaje que aparecen cada 105 cm. y tienen forma circular con unas secciones entre 5 y 8 cm de circunferencia. Se pueden comprobar las caracter\u00edsticas del tapial de cal y canto o \u201ccalicanto\u201d.<\/li>\n<\/ul>\n","protected":false},"excerpt":{"rendered":"<p>El cerramiento de la calle del Palacio. Una de las obras m\u00e1s llamativas en las murallas por su impacto visual ha sido el cerramiento de los dos tramos de la muralla que dejaban sin conexi\u00f3n la puerta de San Basilio con el castillo por su lado Norte. As\u00ed, una vez realizada una excavaci\u00f3n arqueol\u00f3gica para &hellip; <\/p>\n<p><a class=\"more-link btn\" href=\"https:\/\/www.cuellar.es\/murallasdecuellar\/las-murallas-de-cuellar\/descripcion-de-las-murallas\/las-murallas-de-la-ciudadela\/tramo-1-de-la-puerta-de-san-basilio-al-castillo-de-alburquerque\/muralla-desde-la-puerta-de-san-basilio-hasta-el-castillo\/\">Seguir leyendo<\/a><\/p>\n","protected":false},"author":4,"featured_media":0,"parent":387,"menu_order":3,"comment_status":"closed","ping_status":"closed","template":"","meta":{"ngg_post_thumbnail":0,"footnotes":""},"class_list":["post-411","page","type-page","status-publish","hentry","nodate","item-wrap"],"_links":{"self":[{"href":"https:\/\/www.cuellar.es\/murallasdecuellar\/wp-json\/wp\/v2\/pages\/411","targetHints":{"allow":["GET"]}}],"collection":[{"href":"https:\/\/www.cuellar.es\/murallasdecuellar\/wp-json\/wp\/v2\/pages"}],"about":[{"href":"https:\/\/www.cuellar.es\/murallasdecuellar\/wp-json\/wp\/v2\/types\/page"}],"author":[{"embeddable":true,"href":"https:\/\/www.cuellar.es\/murallasdecuellar\/wp-json\/wp\/v2\/users\/4"}],"replies":[{"embeddable":true,"href":"https:\/\/www.cuellar.es\/murallasdecuellar\/wp-json\/wp\/v2\/comments?post=411"}],"version-history":[{"count":2,"href":"https:\/\/www.cuellar.es\/murallasdecuellar\/wp-json\/wp\/v2\/pages\/411\/revisions"}],"predecessor-version":[{"id":413,"href":"https:\/\/www.cuellar.es\/murallasdecuellar\/wp-json\/wp\/v2\/pages\/411\/revisions\/413"}],"up":[{"embeddable":true,"href":"https:\/\/www.cuellar.es\/murallasdecuellar\/wp-json\/wp\/v2\/pages\/387"}],"wp:attachment":[{"href":"https:\/\/www.cuellar.es\/murallasdecuellar\/wp-json\/wp\/v2\/media?parent=411"}],"curies":[{"name":"wp","href":"https:\/\/api.w.org\/{rel}","templated":true}]}}