{"id":392,"date":"2012-02-04T19:26:28","date_gmt":"2012-02-04T19:26:28","guid":{"rendered":"https:\/\/www.cuellar.es\/murallasdecuellar\/?page_id=392"},"modified":"2012-02-04T19:27:13","modified_gmt":"2012-02-04T19:27:13","slug":"392-2","status":"publish","type":"page","link":"https:\/\/www.cuellar.es\/murallasdecuellar\/las-murallas-de-cuellar\/descripcion-de-las-murallas\/las-murallas-de-la-ciudadela\/tramo-1-de-la-puerta-de-san-basilio-al-castillo-de-alburquerque\/392-2\/","title":{"rendered":"El Lagar de San Basilio"},"content":{"rendered":"<p>Adosado a la muralla, aunque de un periodo posterior, podemos ver los restos de un lagar de vino que conserva el enlosado de la pila donde se depositaban las uvas y la pileta donde ca\u00eda el mosto.<\/p>\n<p>Los restos arqueol\u00f3gicos descubiertos del lagar podr\u00e1n permitir la reconstrucci\u00f3n y puesta en valor de lo que fue un lagar de viga, pudi\u00e9ndose apreciar las siguientes estructuras:<\/p>\n<ul>\n<li>Se conserva la delimitaci\u00f3n de lo que fue la caja o pila donde se depositaba la uva que se introduce en parte bajo la misma muralla.<\/li>\n<li>La pila donde se vert\u00eda el mosto aparece completa en un nivel inferior, destacando en el fondo su piso de losas de piedra con una central que con una forma de cazuela serv\u00eda para recoger los \u00faltimos restos del mosto.<\/li>\n<li>Se conserva el enlosado del entorno de la pila, donde con forma circular y rehundido su piso nos muestra donde se encontrar\u00eda la piedra cil\u00edndrica que unida al husillo serv\u00eda de palanca de fuerza para exprimir la uva.<\/li>\n<li>En el enlosado de la caja, junto a la torre Oeste de la puerta de San Basilio, hay una piedra tallada con dos huecos rectangulares donde ir\u00edan colocados dos pies derechos de madera que serv\u00edan de gu\u00edas de la viga para que \u00e9sta se pudiese desplazar sin salirse de dicho carril.<\/li>\n<\/ul>\n","protected":false},"excerpt":{"rendered":"<p>Adosado a la muralla, aunque de un periodo posterior, podemos ver los restos de un lagar de vino que conserva el enlosado de la pila donde se depositaban las uvas y la pileta donde ca\u00eda el mosto. Los restos arqueol\u00f3gicos descubiertos del lagar podr\u00e1n permitir la reconstrucci\u00f3n y puesta en valor de lo que fue &hellip; <\/p>\n<p><a class=\"more-link btn\" href=\"https:\/\/www.cuellar.es\/murallasdecuellar\/las-murallas-de-cuellar\/descripcion-de-las-murallas\/las-murallas-de-la-ciudadela\/tramo-1-de-la-puerta-de-san-basilio-al-castillo-de-alburquerque\/392-2\/\">Seguir leyendo<\/a><\/p>\n","protected":false},"author":4,"featured_media":0,"parent":387,"menu_order":2,"comment_status":"closed","ping_status":"closed","template":"","meta":{"ngg_post_thumbnail":0,"footnotes":""},"class_list":["post-392","page","type-page","status-publish","hentry","nodate","item-wrap"],"_links":{"self":[{"href":"https:\/\/www.cuellar.es\/murallasdecuellar\/wp-json\/wp\/v2\/pages\/392","targetHints":{"allow":["GET"]}}],"collection":[{"href":"https:\/\/www.cuellar.es\/murallasdecuellar\/wp-json\/wp\/v2\/pages"}],"about":[{"href":"https:\/\/www.cuellar.es\/murallasdecuellar\/wp-json\/wp\/v2\/types\/page"}],"author":[{"embeddable":true,"href":"https:\/\/www.cuellar.es\/murallasdecuellar\/wp-json\/wp\/v2\/users\/4"}],"replies":[{"embeddable":true,"href":"https:\/\/www.cuellar.es\/murallasdecuellar\/wp-json\/wp\/v2\/comments?post=392"}],"version-history":[{"count":3,"href":"https:\/\/www.cuellar.es\/murallasdecuellar\/wp-json\/wp\/v2\/pages\/392\/revisions"}],"predecessor-version":[{"id":395,"href":"https:\/\/www.cuellar.es\/murallasdecuellar\/wp-json\/wp\/v2\/pages\/392\/revisions\/395"}],"up":[{"embeddable":true,"href":"https:\/\/www.cuellar.es\/murallasdecuellar\/wp-json\/wp\/v2\/pages\/387"}],"wp:attachment":[{"href":"https:\/\/www.cuellar.es\/murallasdecuellar\/wp-json\/wp\/v2\/media?parent=392"}],"curies":[{"name":"wp","href":"https:\/\/api.w.org\/{rel}","templated":true}]}}