{"id":373,"date":"2012-02-04T18:46:01","date_gmt":"2012-02-04T18:46:01","guid":{"rendered":"https:\/\/www.cuellar.es\/murallasdecuellar\/?page_id=373"},"modified":"2020-02-26T11:06:37","modified_gmt":"2020-02-26T11:06:37","slug":"las-murallas-de-cuellar","status":"publish","type":"page","link":"https:\/\/www.cuellar.es\/murallasdecuellar\/las-murallas-de-cuellar\/","title":{"rendered":"Las Murallas de Cu\u00e9llar"},"content":{"rendered":"<p><img loading=\"lazy\" decoding=\"async\" class=\"ngg-singlepic ngg-none alignleft\" src=\"https:\/\/www.cuellar.es\/murallasdecuellar\/wp-content\/gallery\/vista-pajaro\/img_4940.jpg\" alt=\"img_4940\" width=\"336\" height=\"252\">Las murallas de Cu\u00e9llar ocupan gran parte del Conjunto Hist\u00f3rico de la Villa de Cu\u00e9llar. Su ubicaci\u00f3n en la parte m\u00e1s alta del municipio le proporciona una situaci\u00f3n privilegiada para la defensa, destacando sobre el conjunto el Castillo de Alburquerque.<\/p>\n<p>Las murallas medievales tienen su origen en el siglo XI, extendi\u00e9ndose esta primitiva etapa constructiva a los siglos XII y XIII, periodo del cual se conservan importantes restos de su arquitectura mud\u00e9jar en algunas puertas y torreones. Aunque del periodo que se conservan m\u00e1s restos de las murallas pertenece al final de la Edad Media con la llegada a Cu\u00e9llar de la Casa Ducal de Alburquerque desde mediados del siglo XV al siglo XVI.<\/p>\n<p>Por su valor monumental las murallas de Cu\u00e9llar fueron declaradas Monumento Hist\u00f3rico Art\u00edstico, el 3 de junio de 1931.<\/p>\n<p>El conjunto amurallado tiene m\u00e1s de 2 Km. de longitud que cierran un espacio de 14 hect\u00e1reas orden\u00e1ndose en tres recintos diferentes: Ciudadela, Ciudad y Contramuralla.<\/p>\n<p><strong>La muralla de la ciudadela<\/strong> inicia su recorrido desde el castillo ocupando la parte m\u00e1s alta de la Villa medieval, caracteriz\u00e1ndose por conservar gran parte de estado original, principalmente las puertas de San Basilio y San Mart\u00edn o las iglesias que serv\u00edan de avanzadilla de las murallas como las iglesia de San Esteban y la de Santiago.<\/p>\n<p><strong>La muralla de la ciudad. <\/strong>Guardando la parte Este de la muralla de la ciudadela, se extiende&nbsp; la muralla por la ciudad hacia el Oeste llegando hasta las zonas m\u00e1s bajas de la Villa junto a la iglesia de San Pedro.<\/p>\n<p><strong>La contramuralla<\/strong>. Es una muralla de menor tama\u00f1o que las murallas de la ciudad que se levant\u00f3 en paralelo a la muralla de la ciudad por su lado exterior, dejando entre ambas un estrecho callej\u00f3n conocido como liza.<\/p>\n\n\n<figure class=\"wp-block-embed-youtube wp-block-embed is-type-video is-provider-youtube wp-embed-aspect-16-9 wp-has-aspect-ratio\"><div class=\"wp-block-embed__wrapper\">\n<iframe loading=\"lazy\" title=\"Murallas de Cu\u00e9llar\" width=\"847\" height=\"476\" src=\"https:\/\/www.youtube.com\/embed\/K1vhT8q4lqc?feature=oembed\" frameborder=\"0\" allow=\"accelerometer; autoplay; encrypted-media; gyroscope; picture-in-picture\" allowfullscreen><\/iframe>\n<\/div><\/figure>\n","protected":false},"excerpt":{"rendered":"<p>Las murallas de Cu\u00e9llar ocupan gran parte del Conjunto Hist\u00f3rico de la Villa de Cu\u00e9llar. Su ubicaci\u00f3n en la parte m\u00e1s alta del municipio le proporciona una situaci\u00f3n privilegiada para la defensa, destacando sobre el conjunto el Castillo de Alburquerque. Las murallas medievales tienen su origen en el siglo XI, extendi\u00e9ndose esta primitiva etapa constructiva &hellip; <\/p>\n<p><a class=\"more-link btn\" href=\"https:\/\/www.cuellar.es\/murallasdecuellar\/las-murallas-de-cuellar\/\">Seguir leyendo<\/a><\/p>\n","protected":false},"author":4,"featured_media":0,"parent":0,"menu_order":0,"comment_status":"closed","ping_status":"closed","template":"","meta":{"ngg_post_thumbnail":0,"footnotes":""},"class_list":["post-373","page","type-page","status-publish","hentry","nodate","item-wrap"],"_links":{"self":[{"href":"https:\/\/www.cuellar.es\/murallasdecuellar\/wp-json\/wp\/v2\/pages\/373","targetHints":{"allow":["GET"]}}],"collection":[{"href":"https:\/\/www.cuellar.es\/murallasdecuellar\/wp-json\/wp\/v2\/pages"}],"about":[{"href":"https:\/\/www.cuellar.es\/murallasdecuellar\/wp-json\/wp\/v2\/types\/page"}],"author":[{"embeddable":true,"href":"https:\/\/www.cuellar.es\/murallasdecuellar\/wp-json\/wp\/v2\/users\/4"}],"replies":[{"embeddable":true,"href":"https:\/\/www.cuellar.es\/murallasdecuellar\/wp-json\/wp\/v2\/comments?post=373"}],"version-history":[{"count":3,"href":"https:\/\/www.cuellar.es\/murallasdecuellar\/wp-json\/wp\/v2\/pages\/373\/revisions"}],"predecessor-version":[{"id":1023,"href":"https:\/\/www.cuellar.es\/murallasdecuellar\/wp-json\/wp\/v2\/pages\/373\/revisions\/1023"}],"wp:attachment":[{"href":"https:\/\/www.cuellar.es\/murallasdecuellar\/wp-json\/wp\/v2\/media?parent=373"}],"curies":[{"name":"wp","href":"https:\/\/api.w.org\/{rel}","templated":true}]}}