{"id":331,"date":"2012-02-02T19:25:15","date_gmt":"2012-02-02T19:25:15","guid":{"rendered":"https:\/\/www.cuellar.es\/murallasdecuellar\/?page_id=331"},"modified":"2012-02-08T07:12:42","modified_gmt":"2012-02-08T07:12:42","slug":"patrimonio-monumental-en-cuellar","status":"publish","type":"page","link":"https:\/\/www.cuellar.es\/murallasdecuellar\/patrimonio-monumental-en-cuellar\/","title":{"rendered":"Patrimonio Monumental en Cu\u00e9llar"},"content":{"rendered":"<p style=\"text-align: center;\"><iframe loading=\"lazy\" src=\"http:\/\/www.youtube.com\/embed\/jsASMXOcTno\" frameborder=\"0\" width=\"640\" height=\"360\"><\/iframe><\/p>\n<p>&nbsp;<\/p>\n<p>El importante patrimonio monumental de la Villa de Cu\u00e9llar no solamente se centra en el <strong>castillo<\/strong> y sus <strong>murallas<\/strong>, existen importantes monumentos que conoceremos siguiendo una ruta por el conjunto hist\u00f3rico medieval.<\/p>\n<p><img loading=\"lazy\" decoding=\"async\" class=\"alignleft size-full wp-image-871\" title=\"CI-Mudejar\" src=\"https:\/\/www.cuellar.es\/murallasdecuellar\/wp-content\/uploads\/2012\/02\/CI-Mudejar.jpg\" alt=\"\" width=\"350\" height=\"233\" srcset=\"https:\/\/www.cuellar.es\/murallasdecuellar\/wp-content\/uploads\/2012\/02\/CI-Mudejar.jpg 350w, https:\/\/www.cuellar.es\/murallasdecuellar\/wp-content\/uploads\/2012\/02\/CI-Mudejar-300x199.jpg 300w\" sizes=\"auto, (max-width: 350px) 100vw, 350px\" \/>Comenzamos la ruta en la explanada del castillo por la<strong> iglesia de San Mart\u00edn<\/strong>,\u00a0 declarada Bien de Inter\u00e9s Cultural, que adem\u00e1s de tener uno de los triples \u00e1bsides mud\u00e9jares m\u00e1s interesantes de Castilla y Le\u00f3n, se ha convertido en el <strong>Centro del Mud\u00e9jar<\/strong>\u00a0 donde se puede disfrutar de una visita especial donde nos transporta al siglo XII para ver como se constru\u00edan las iglesias y como eran sus gentes.<\/p>\n<p>Salimos del recinto amurallado en direcci\u00f3n a la carretera de Bahab\u00f3n y en seguida llegaremos\u00a0 a la<strong> iglesia de San Andr\u00e9s<\/strong>, el templo mud\u00e9jar m\u00e1s completo de Cu\u00e9llar. Sus arcos, casetones, frisos y nacelas de ladrillo recorren sus tres \u00e1bsides y los muros de sus naves. En su interior se conservan importantes obras\u00a0 escult\u00f3ricas y pinturas al fresco mud\u00e9jares.<\/p>\n<p>Pasaremos por el barrio de la Juder\u00eda hasta llegar a la <strong>iglesia de San Esteban<\/strong> que destaca\u00a0 su imponente \u00e1bside sobre un estrat\u00e9gico espol\u00f3n. Arcos, casetones y frisos de esquinilla, definen la alternancia del rojo y el blanco de\u00a0 los ladrillos y morteros de este singular arte mud\u00e9jar.<\/p>\n<p>En el interior del templo destacan\u00a0 cuatro sepulcros decorados\u00a0 con yeser\u00edas mud\u00e9jares policromadas y\u00a0 bultos exentos de alabastro.<\/p>\n<p>A destacar dentro del conjunto funerario ha sido la localizaci\u00f3n de los cuerpos de siete personas, dos infantiles y cinco adultos, de las cuales cinco se encontraban momificados y envueltos en sudarios. Y entre el sudario de Isabel de Zuazo han aparecido un paquete de bulas y otros escritos de los primeros tiempos de la imprenta.<\/p>\n<p><img loading=\"lazy\" decoding=\"async\" class=\"alignright size-full wp-image-870\" title=\"36---cuellar---Iglesia-San-Esteban-2\" src=\"https:\/\/www.cuellar.es\/murallasdecuellar\/wp-content\/uploads\/2012\/02\/36-cuellar-Iglesia-San-Esteban-2.jpg\" alt=\"\" width=\"350\" height=\"263\" srcset=\"https:\/\/www.cuellar.es\/murallasdecuellar\/wp-content\/uploads\/2012\/02\/36-cuellar-Iglesia-San-Esteban-2.jpg 350w, https:\/\/www.cuellar.es\/murallasdecuellar\/wp-content\/uploads\/2012\/02\/36-cuellar-Iglesia-San-Esteban-2-300x225.jpg 300w\" sizes=\"auto, (max-width: 350px) 100vw, 350px\" \/>Se completa este monumento en su entorno exterior con el <strong>parque arqueol\u00f3gico medieval<\/strong> donde tumbas antropomorfas se mezclan con silos, pozos y pilas de antiguas tener\u00edas.<\/p>\n<p>Desde San Esteban nos acercaremos al <strong>\u00e1bside de Santiago<\/strong> que conserva sus arquer\u00edas y casetones mud\u00e9jares.\u00a0 Conjunto monumental que se encuentra junto a la muralla del primer recinto y sobre el que desde su torre\u00f3n se divisa\u00a0 la espl\u00e9ndida vista del \u201cmar de pinares\u201d.<\/p>\n<p>Desde Santiago pasaremos por la <strong>Panera y Casa del Duque<\/strong>, edificio del siglo XVIII que fue almac\u00e9n de granos y casa ducal, en direcci\u00f3n al Palacio de D. Pedro I que conserva su portada rom\u00e1nica, ventanas geminadas, estancias g\u00f3ticas y un interesante artesonado mud\u00e9jar.<\/p>\n<p>En el extremo Este de la plaza Mayor se encuentra la<strong> iglesia parroquial de San Miguel<\/strong> que se caracteriza por su mezcla de estilos. Conserv\u00e1ndose parte de las arquer\u00edas de ladrillo mud\u00e9jares de lo que en su d\u00eda fue su atrio Sur.<\/p>\n<p>Bajando desde la plaza por la calle de Santa Marina encontraremos\u00a0 la<strong> iglesia de la Trinidad<\/strong> y los restos de su convento.\u00a0 Esta iglesia de propiedad privada tiene su cabecera y \u00e1bside mud\u00e9jar, y destaca por su singularidad interior\u00a0 ya que se reform\u00f3 en el siglo XIX convirti\u00e9ndola en vivienda de dos plantas y a\u00fan hoy se encuentra su mobiliario y disposici\u00f3n decimon\u00f3nica<\/p>\n<p><img loading=\"lazy\" decoding=\"async\" class=\"alignleft size-full wp-image-873\" title=\"IMG_5196\" src=\"https:\/\/www.cuellar.es\/murallasdecuellar\/wp-content\/uploads\/2012\/02\/IMG_5196.jpg\" alt=\"\" width=\"300\" height=\"225\" \/>Extramuros de la ciudad, frente a la desaparecida puerta de Carchena, se encentra un espacio conventual franciscano que agrupa tres <strong>conventos<\/strong>: <strong>Santa Ana<\/strong> \u2013 privado y sin uso en la actualidad-, <strong>La Concepci\u00f3n<\/strong> -ocupado por una comunidad de monjas- y <strong>San Francisco<\/strong>, convento de monjes franciscanos en ruinas, donde los Duques de Alburquerque en el siglo XV eligieron su iglesia como lugar de enterramiento, reedific\u00e1ndolo y enriqueci\u00e9ndolo considerablemente. Fue desamortizado en el siglo XIX comenzando la di\u00e1spora de sus restos. Parte de sus esculturas y ventanas se encuentran hoy en el Castillo de Vi\u00f1uelas (Madrid) El magn\u00edfico p\u00falpito de m\u00e1rmol se encuentra en la Catedral de Segovia y parte los sepulcros en alabastro se encuentran en la Hispanic Society of America de Nueva York.<\/p>\n<p>Se puede completar la ruta acerc\u00e1ndose a la<strong> iglesia de El Salvador<\/strong>, donde destaca sobre su \u00e1bside de arquer\u00edas de ladrillo los contrafuertes en forma de arbotantes que sujetan dicho \u00e1bside, dando a su entorno un aspecto notable que le diferencia del resto del Arte Mud\u00e9jar.<\/p>\n<p>Adem\u00e1s existe un amplio repertorio de <strong>casas nobles<\/strong> que en sus fachadas incluyen sus escudos donde se puede conocer la her\u00e1ldica cuellarana paseando por calles como San Pedro, Santa Cruz, La Magdalena o Segovia.<\/p>\n<p>&nbsp;<\/p>\n<p><img loading=\"lazy\" decoding=\"async\" class=\"aligncenter\" title=\"cuellar---princ\" src=\"https:\/\/www.cuellar.es\/murallasdecuellar\/wp-content\/uploads\/2012\/02\/cuellar-princ.jpg\" alt=\"\" width=\"660\" height=\"240\" \/><\/p>\n","protected":false},"excerpt":{"rendered":"<p>&nbsp; El importante patrimonio monumental de la Villa de Cu\u00e9llar no solamente se centra en el castillo y sus murallas, existen importantes monumentos que conoceremos siguiendo una ruta por el conjunto hist\u00f3rico medieval. Comenzamos la ruta en la explanada del castillo por la iglesia de San Mart\u00edn,\u00a0 declarada Bien de Inter\u00e9s Cultural, que adem\u00e1s de &hellip; <\/p>\n<p><a class=\"more-link btn\" href=\"https:\/\/www.cuellar.es\/murallasdecuellar\/patrimonio-monumental-en-cuellar\/\">Seguir leyendo<\/a><\/p>\n","protected":false},"author":4,"featured_media":629,"parent":0,"menu_order":0,"comment_status":"closed","ping_status":"closed","template":"","meta":{"ngg_post_thumbnail":0,"footnotes":""},"class_list":["post-331","page","type-page","status-publish","has-post-thumbnail","hentry","nodate","item-wrap"],"_links":{"self":[{"href":"https:\/\/www.cuellar.es\/murallasdecuellar\/wp-json\/wp\/v2\/pages\/331","targetHints":{"allow":["GET"]}}],"collection":[{"href":"https:\/\/www.cuellar.es\/murallasdecuellar\/wp-json\/wp\/v2\/pages"}],"about":[{"href":"https:\/\/www.cuellar.es\/murallasdecuellar\/wp-json\/wp\/v2\/types\/page"}],"author":[{"embeddable":true,"href":"https:\/\/www.cuellar.es\/murallasdecuellar\/wp-json\/wp\/v2\/users\/4"}],"replies":[{"embeddable":true,"href":"https:\/\/www.cuellar.es\/murallasdecuellar\/wp-json\/wp\/v2\/comments?post=331"}],"version-history":[{"count":9,"href":"https:\/\/www.cuellar.es\/murallasdecuellar\/wp-json\/wp\/v2\/pages\/331\/revisions"}],"predecessor-version":[{"id":333,"href":"https:\/\/www.cuellar.es\/murallasdecuellar\/wp-json\/wp\/v2\/pages\/331\/revisions\/333"}],"wp:featuredmedia":[{"embeddable":true,"href":"https:\/\/www.cuellar.es\/murallasdecuellar\/wp-json\/wp\/v2\/media\/629"}],"wp:attachment":[{"href":"https:\/\/www.cuellar.es\/murallasdecuellar\/wp-json\/wp\/v2\/media?parent=331"}],"curies":[{"name":"wp","href":"https:\/\/api.w.org\/{rel}","templated":true}]}}