{"id":303,"date":"2012-02-02T18:41:57","date_gmt":"2012-02-02T18:41:57","guid":{"rendered":"https:\/\/www.cuellar.es\/murallasdecuellar\/?page_id=303"},"modified":"2012-02-08T08:52:47","modified_gmt":"2012-02-08T08:52:47","slug":"castillo","status":"publish","type":"page","link":"https:\/\/www.cuellar.es\/murallasdecuellar\/murallas-cuidad\/castillo\/","title":{"rendered":"Castillo de los Duques de Alburquerque"},"content":{"rendered":"<p><img loading=\"lazy\" decoding=\"async\" class=\"aligncenter size-full wp-image-603\" title=\"castillo---princ\" src=\"https:\/\/www.cuellar.es\/murallasdecuellar\/wp-content\/uploads\/2012\/02\/castillo-princ.jpg\" alt=\"\" width=\"660\" height=\"240\" srcset=\"https:\/\/www.cuellar.es\/murallasdecuellar\/wp-content\/uploads\/2012\/02\/castillo-princ.jpg 660w, https:\/\/www.cuellar.es\/murallasdecuellar\/wp-content\/uploads\/2012\/02\/castillo-princ-300x109.jpg 300w\" sizes=\"auto, (max-width: 660px) 100vw, 660px\" \/><\/p>\n<p>&nbsp;<\/p>\n<p>El Castillo de Cu\u00e9llar se sit\u00faa en la parte m\u00e1s alta de la villa, su origen estar\u00eda entorno al siglo XI con arquitectura mud\u00e9jar, pero la mayor\u00eda de lo que se conserva en la actualidad corresponde a los siglos XV y XVI a partir de que el rey Enrique IV en 1464\u00a0 cede la villa de Cu\u00e9llar y el castillo a D. Beltr\u00e1n de la Cueva, Duque de Alburquerque.<\/p>\n<p><img decoding=\"async\" class=\"ngg-singlepic ngg-left alignleft\" src=\"https:\/\/www.cuellar.es\/murallasdecuellar\/wp-content\/gallery\/vista-pajaro\/img_4783.jpg\" alt=\"img_4783\" width=\"300\" \/>El castillo tiene planta rectangular con cuatro torres en las esquinas, tres de ellas circulares. En el interior se abre un patio de columnas que sostienen una doble galer\u00eda con arcos rebajados del siglo XVI, al que se abren los diferentes salones decorados con art\u00edsticas techumbres, artesonados de estuco y vigas talladas.<\/p>\n<p>La puerta sureste. Los restos arquitect\u00f3nicos m\u00e1s antiguos que se conservan son del siglo XI en la antigua puerta\u00a0\u00a0 mud\u00e9jar del lado sureste del castillo. As\u00ed, ocultos tras los sillares exteriores del torre\u00f3n podemos apreciar arcos de ladrillos, muros de tapial,\u00a0 ventanas y estrechos pasadizos altomedievales mud\u00e9jares. A esta puerta sureste tambi\u00e9n se le conoce como \u201cTorre\u00f3n de la Memoria\u201d ya que en ella se realizan las representaciones teatralizadas para disfrute de todo aquel\u00a0 que se acerque a este castillo durante cualquier fin de semana,\u00a0 pudiendo convivir con los diferentes personajes que lo habitaron a trav\u00e9s de la magia del teatro (poner im\u00e1genes del teatro).<\/p>\n<p>La muralla de menor tama\u00f1o que se extiende en paralelo al muro Este del castillo uniendo las dos puertas de acceso de esta imponente fortaleza se conoce como barbacana. De esta contramuralla se conservan cinco peque\u00f1os torreones semicirculares que albergan en su interior las c\u00e1maras de tiro con sus respectivas troneras.<\/p>\n<p>El espacio existente entre la barbacana y el muro del castillo de unos tres metros y medio de ancho, es considerado\u00a0 un pasillo-trampa, la liza, puesto que una vez el enemigo se encontraba en su interior pod\u00edan cerrarse\u00a0 las dos puertas de sus extremos y quedarse totalmente aislados.<\/p>\n<p>A\u00fan hoy d\u00eda se aprecia el foso excavado delante de la barbacana que era utilizado para proteger la contramuralla y el propio muro del castillo. Se caracteriza por ser un foso seco,\u00a0 que nunca tuvo agua.<\/p>\n<p>Del castillo destaca del conjunto por su altura y forma circular La Torre del Homenaje\u00a0 que fue mandada construir en siller\u00eda sobre una planta circular por D. \u00c1lvaro de Luna. Cuenta con dos salas de b\u00f3vedas nervadas: la primera en la planta baja destinada a Oficina de Turismo y la de la planta superior\u00a0 que es el Archivo Hist\u00f3rico de la Casa Ducal de Alburquerque.<\/p>\n<p><img loading=\"lazy\" decoding=\"async\" class=\"alignright size-full wp-image-894\" title=\"IMG_1742\" src=\"https:\/\/www.cuellar.es\/murallasdecuellar\/wp-content\/uploads\/2012\/02\/IMG_1742.jpg\" alt=\"\" width=\"300\" height=\"200\" \/>En el patio de armas destacan la galer\u00eda renacentistas del lado Sur con su doble arquer\u00eda de grandes columnas y arcos rebajados; la armer\u00eda en el lado Este que por desgracia no se conserva nada de su valiosa colecci\u00f3n de armas. En el lado Oeste del patio estar\u00eda la zona dom\u00e9stica y en su s\u00f3tano se encontraban las cocinas y bodegas\u00a0 que en la actualidad se utilizan para la realizaci\u00f3n de representaciones teatralizadas que se ofrecen a los turistas que se acercan por este castillo (poner im\u00e1genes del teatro).<\/p>\n<p>En la fachada exterior del lado Sur del Castillo, junto con la torre sureste, destaca una balconada de piedra en la planta superior y sobre el paramento del muro un esgrafiado antiguo formado a base de c\u00edrculos con decoraciones de escorias conocido como \u201cesgrafiado segoviano\u201d.<\/p>\n","protected":false},"excerpt":{"rendered":"<p>&nbsp; El Castillo de Cu\u00e9llar se sit\u00faa en la parte m\u00e1s alta de la villa, su origen estar\u00eda entorno al siglo XI con arquitectura mud\u00e9jar, pero la mayor\u00eda de lo que se conserva en la actualidad corresponde a los siglos XV y XVI a partir de que el rey Enrique IV en 1464\u00a0 cede la &hellip; <\/p>\n<p><a class=\"more-link btn\" href=\"https:\/\/www.cuellar.es\/murallasdecuellar\/murallas-cuidad\/castillo\/\">Seguir leyendo<\/a><\/p>\n","protected":false},"author":4,"featured_media":603,"parent":289,"menu_order":2,"comment_status":"closed","ping_status":"closed","template":"","meta":{"ngg_post_thumbnail":0,"footnotes":""},"class_list":["post-303","page","type-page","status-publish","has-post-thumbnail","hentry","nodate","item-wrap"],"_links":{"self":[{"href":"https:\/\/www.cuellar.es\/murallasdecuellar\/wp-json\/wp\/v2\/pages\/303","targetHints":{"allow":["GET"]}}],"collection":[{"href":"https:\/\/www.cuellar.es\/murallasdecuellar\/wp-json\/wp\/v2\/pages"}],"about":[{"href":"https:\/\/www.cuellar.es\/murallasdecuellar\/wp-json\/wp\/v2\/types\/page"}],"author":[{"embeddable":true,"href":"https:\/\/www.cuellar.es\/murallasdecuellar\/wp-json\/wp\/v2\/users\/4"}],"replies":[{"embeddable":true,"href":"https:\/\/www.cuellar.es\/murallasdecuellar\/wp-json\/wp\/v2\/comments?post=303"}],"version-history":[{"count":8,"href":"https:\/\/www.cuellar.es\/murallasdecuellar\/wp-json\/wp\/v2\/pages\/303\/revisions"}],"predecessor-version":[{"id":329,"href":"https:\/\/www.cuellar.es\/murallasdecuellar\/wp-json\/wp\/v2\/pages\/303\/revisions\/329"}],"up":[{"embeddable":true,"href":"https:\/\/www.cuellar.es\/murallasdecuellar\/wp-json\/wp\/v2\/pages\/289"}],"wp:featuredmedia":[{"embeddable":true,"href":"https:\/\/www.cuellar.es\/murallasdecuellar\/wp-json\/wp\/v2\/media\/603"}],"wp:attachment":[{"href":"https:\/\/www.cuellar.es\/murallasdecuellar\/wp-json\/wp\/v2\/media?parent=303"}],"curies":[{"name":"wp","href":"https:\/\/api.w.org\/{rel}","templated":true}]}}