{"id":301,"date":"2012-02-02T18:41:07","date_gmt":"2012-02-02T18:41:07","guid":{"rendered":"https:\/\/www.cuellar.es\/murallasdecuellar\/?page_id=301"},"modified":"2012-03-07T22:47:16","modified_gmt":"2012-03-07T22:47:16","slug":"tramo-desde-el-torreon-de-santiago-al-arco-de-la-juderia","status":"publish","type":"page","link":"https:\/\/www.cuellar.es\/murallasdecuellar\/murallas-cuidad\/tramo-desde-el-torreon-de-santiago-al-arco-de-la-juderia\/","title":{"rendered":"Tramo desde el torre\u00f3n de Santiago al arco de San Basilio"},"content":{"rendered":"<p><img loading=\"lazy\" decoding=\"async\" class=\"aligncenter size-full wp-image-625\" title=\"juderia-sanbasilio---princ\" src=\"https:\/\/www.cuellar.es\/murallasdecuellar\/wp-content\/uploads\/2012\/02\/juderia-sanbasilio-princ.jpg\" alt=\"\" width=\"660\" height=\"240\" srcset=\"https:\/\/www.cuellar.es\/murallasdecuellar\/wp-content\/uploads\/2012\/02\/juderia-sanbasilio-princ.jpg 660w, https:\/\/www.cuellar.es\/murallasdecuellar\/wp-content\/uploads\/2012\/02\/juderia-sanbasilio-princ-300x109.jpg 300w\" sizes=\"auto, (max-width: 660px) 100vw, 660px\" \/><\/p>\n<p>&nbsp;<\/p>\n<p>Del tramo de muralla entre las puertas de Santiago y San Mart\u00edn, a\u00fan pendiente de restaurar, destaca una torre cuadrangular donde se pueden apreciar los huecos de las saeteras y un escudo con las armas de La Cueva.<\/p>\n<p><img decoding=\"async\" class=\"ngg-singlepic ngg-left alignleft\" src=\"https:\/\/www.cuellar.es\/murallasdecuellar\/wp-content\/gallery\/de-santiago-a-juderia\/00041-15.jpg\" alt=\"00041-15\" width=\"300\" \/>La puerta de San Mart\u00edn es un conjunto defensivo formado por un arco de medio punto realizado con grandes dovelas de piedra caliza y dos potentes torres de planta rectangular. Sobre el arco se encuentra el escudo del Concejo de Cu\u00e9llar y rematando la muralla se colocaron los escudos de la casa de Alburquerque, con las armas de La Cueva y Toledo. Algunos estudiosos sostienen que esta puerta pudo ser reforzada y consolidada por el II Duque de Alburquerque.<\/p>\n<p>El entorno de la iglesia mud\u00e9jar de San Esteban fue utilizado como lugar de enterramiento. Los cuerpos eran depositados en unas tumbas antropomorfas que eran excavadas en la toba o roca caliza alineados en calle con orientaci\u00f3n Oeste-Este. Adem\u00e1s de las tumbas antropomorfas se encontraron en esta necr\u00f3polis varios silos de almacenamiento de granos excavados en la roca caliza y unas pilas utilizadas como tintorer\u00edas o tener\u00edas. Con estos restos se ha realizado el Parque Arqueol\u00f3gico de San Esteban que representan copias a tama\u00f1o natural de las tumbas y pilas originales.<\/p>\n<p>La iglesia de San Esteban por su estrat\u00e9gica situaci\u00f3n destaca sobre el recinto amurallado del que formaba parte como espol\u00f3n avanzado, definiendo la silueta de una ciudad medieval donde destacan las torres de las iglesias entre sus murallas.<\/p>\n<p>San Esteban es una de las iglesias mud\u00e9jares m\u00e1s importantes de Castilla y Le\u00f3n y de ella destaca su \u00e1bside mud\u00e9jar donde se mezclan casetones, frisos en esquinilla y arcos de medio punto de f\u00e1brica de ladrillos.<\/p>\n<p><img decoding=\"async\" class=\"ngg-singlepic ngg-right alignright\" src=\"https:\/\/www.cuellar.es\/murallasdecuellar\/wp-content\/gallery\/de-santiago-a-juderia\/00041-16.jpg\" alt=\"00041-16\" width=\"200\" \/>En el presbiterio se conservan cuatro sepulcros ojivales del siglo XV adornados con arabescos mud\u00e9jares. En sus paredes han aparecido unas pinturas en tonos desva\u00eddos, que representan figuras de santos.<\/p>\n<p>A destacar dentro del conjunto funerario la localizaci\u00f3n de los cuerpos de siete personas, dos infantiles y cinco adultos, de las cuales cinco se encontraban momificados y envueltos en sudarios, destacando un paquete de bulas y otros escritos aparecidos entre el sudario de Isabel de Zuazo.<\/p>\n<p>La antig\u00fcedad de estos documentos es muy importante para el estudio de los primeros a\u00f1os de la imprenta en Espa\u00f1a, estando la primera bula fechada en el a\u00f1o 1484.<\/p>\n<p>La continuaci\u00f3n de la muralla desde la iglesia de San Esteban en direcci\u00f3n al Oeste se ve interrumpida a lo largo de toda la plaza del Estudio, continuando de nuevo con el edificio del Antiguo Estudio de La Gram\u00e1tica. Este tramo conserva\u00a0\u00a0 antes de llegar a la puerta de la Juder\u00eda algunas saeteras y merlones del antiguo <a href=\"https:\/\/www.cuellar.es\/murallasdecuellar\/adarve\/\">adarve<\/a> integrados en las viviendas que se apoyan en la muralla.<\/p>\n<p><img loading=\"lazy\" decoding=\"async\" class=\"ngg-singlepic ngg-none alignleft\" src=\"https:\/\/www.cuellar.es\/murallasdecuellar\/wp-content\/gallery\/de-la-juderia-a-san-basilio\/p3050033.jpg\" alt=\"p3050033\" width=\"200\" height=\"267\" \/>Desde la puerta de la Juder\u00eda hacia el Oeste continuaba la muralla del primer recinto junto a la calle la Barrera hasta llegar a la puerta de San Basilio. De este tramo de la muralla solamente se conserva una torre mud\u00e9jar \u2013conocida como \u201cTorre de los Daza\u201d por encontrarse junto a la casa solariega de la familia de los Daza que existe en la plaza de San Gil- y un peque\u00f1o tramo de muralla.<\/p>\n<p>&nbsp;<\/p>\nngg_shortcode_0_placeholder\nngg_shortcode_1_placeholder\n","protected":false},"excerpt":{"rendered":"<p>&nbsp; Del tramo de muralla entre las puertas de Santiago y San Mart\u00edn, a\u00fan pendiente de restaurar, destaca una torre cuadrangular donde se pueden apreciar los huecos de las saeteras y un escudo con las armas de La Cueva. La puerta de San Mart\u00edn es un conjunto defensivo formado por un arco de medio punto &hellip; <\/p>\n<p><a class=\"more-link btn\" href=\"https:\/\/www.cuellar.es\/murallasdecuellar\/murallas-cuidad\/tramo-desde-el-torreon-de-santiago-al-arco-de-la-juderia\/\">Seguir leyendo<\/a><\/p>\n","protected":false},"author":4,"featured_media":625,"parent":289,"menu_order":4,"comment_status":"closed","ping_status":"closed","template":"","meta":{"ngg_post_thumbnail":0,"footnotes":""},"class_list":["post-301","page","type-page","status-publish","has-post-thumbnail","hentry","nodate","item-wrap"],"_links":{"self":[{"href":"https:\/\/www.cuellar.es\/murallasdecuellar\/wp-json\/wp\/v2\/pages\/301","targetHints":{"allow":["GET"]}}],"collection":[{"href":"https:\/\/www.cuellar.es\/murallasdecuellar\/wp-json\/wp\/v2\/pages"}],"about":[{"href":"https:\/\/www.cuellar.es\/murallasdecuellar\/wp-json\/wp\/v2\/types\/page"}],"author":[{"embeddable":true,"href":"https:\/\/www.cuellar.es\/murallasdecuellar\/wp-json\/wp\/v2\/users\/4"}],"replies":[{"embeddable":true,"href":"https:\/\/www.cuellar.es\/murallasdecuellar\/wp-json\/wp\/v2\/comments?post=301"}],"version-history":[{"count":9,"href":"https:\/\/www.cuellar.es\/murallasdecuellar\/wp-json\/wp\/v2\/pages\/301\/revisions"}],"predecessor-version":[{"id":316,"href":"https:\/\/www.cuellar.es\/murallasdecuellar\/wp-json\/wp\/v2\/pages\/301\/revisions\/316"}],"up":[{"embeddable":true,"href":"https:\/\/www.cuellar.es\/murallasdecuellar\/wp-json\/wp\/v2\/pages\/289"}],"wp:featuredmedia":[{"embeddable":true,"href":"https:\/\/www.cuellar.es\/murallasdecuellar\/wp-json\/wp\/v2\/media\/625"}],"wp:attachment":[{"href":"https:\/\/www.cuellar.es\/murallasdecuellar\/wp-json\/wp\/v2\/media?parent=301"}],"curies":[{"name":"wp","href":"https:\/\/api.w.org\/{rel}","templated":true}]}}