{"id":291,"date":"2012-02-02T18:36:30","date_gmt":"2012-02-02T18:36:30","guid":{"rendered":"https:\/\/www.cuellar.es\/murallasdecuellar\/?page_id=291"},"modified":"2012-03-08T20:28:07","modified_gmt":"2012-03-08T20:28:07","slug":"murallas-ciudadela","status":"publish","type":"page","link":"https:\/\/www.cuellar.es\/murallasdecuellar\/murallas-ciudadela\/","title":{"rendered":"Muralla Ciudad"},"content":{"rendered":"<p><img loading=\"lazy\" decoding=\"async\" class=\"aligncenter size-full wp-image-634\" title=\"muralla---ciudad---princ\" src=\"https:\/\/www.cuellar.es\/murallasdecuellar\/wp-content\/uploads\/2012\/02\/muralla-ciudad-princ.jpg\" alt=\"\" width=\"660\" height=\"240\" srcset=\"https:\/\/www.cuellar.es\/murallasdecuellar\/wp-content\/uploads\/2012\/02\/muralla-ciudad-princ.jpg 660w, https:\/\/www.cuellar.es\/murallasdecuellar\/wp-content\/uploads\/2012\/02\/muralla-ciudad-princ-300x109.jpg 300w\" sizes=\"auto, (max-width: 660px) 100vw, 660px\" \/><\/p>\n<p>&nbsp;<\/p>\n<p>El segundo recinto amurallado por el lado Sur arrancar\u00eda en la puerta de Las Cuevas, y en direcci\u00f3n Oeste pasaba por una peque\u00f1a puerta en la zona del Exangel para llegar a la desaparecida puerta de la Trinidad y continuar hasta la puerta de San Pedro. Donde este templo se incorporaba a la muralla como dispositivo defensivo. La muralla gira hacia el Norte, pasando por la desaparecida puerta de Carchena, para recorrer un largo trecho junto a la calle Nueva hasta llegar a la puerta de San Andr\u00e9s donde gira hacia el Oeste para terminar su recorrido con la puerta de la\u00a0 Juder\u00eda.<\/p>\n<p>Desde la puerta de Las Cuevas el segundo recinto va acompa\u00f1ado en su exterior por la contramuralla o barbacana donde destacan un almenado original y\u00a0 una torre cuadrada que se encuentra frente al convento de Los Trinitarios. Este tramo de muralla solamente se puede recorrer por su base, en la liza existente entre la contramuralla y la muralla.<\/p>\n<p>Continuando en direcci\u00f3n al Este encontramos la puerta del Exangel que comunica la zona de los lavaderos con los jardines del convento de los Trinitarios, ya en el exterior de la muralla.<\/p>\n<p>Los lavaderos forman un entorno ajardinado singular en el que se puede disfrutar de un\u00a0 espacio en el que destaca el vaso de un lavadero grande y dos vasos o pilones menores que se comunican entre s\u00ed para abastecer de agua al lavadero.<\/p>\n<p>Cerca del Exangel se encontraba la puerta de La Trinidad de la que se conservan escasos restos.<\/p>\n<p>La continuaci\u00f3n de la muralla desde la Trinidad hasta la puerta de San Pedro se encuentra bastante deteriorada, antes de llegar a la iglesia de San Pedro podemos apreciar un pa\u00f1o original de la contramuralla que proporciona la altura original que ten\u00eda y en la que se conservan nueve almenas. La barbacana continuaba por delante de la iglesia de San Pedro y se puede ver en una fotograf\u00eda antigua la puerta de la contramuralla junto a dicha iglesia.<\/p>\n<p>La puerta de San Pedro se elimin\u00f3 el a\u00f1o 1895 por su estado ruinoso, aunque no hay duda que debi\u00f3 ser una puerta de grandes proporciones para poder permitir la conexi\u00f3n entre la puerta y el <a href=\"https:\/\/www.cuellar.es\/murallasdecuellar\/adarve\/\">adarve<\/a> de la iglesia de San Pedro, adem\u00e1s de que esta puerta era una representaci\u00f3n del s\u00edmbolo del poder de la Villa al celebrarse junto a ella algunos de los eventos m\u00e1s importantes de la \u00e9poca como era el acto de entrega de la Villa a un nuevo se\u00f1or.<\/p>\n<p>La muralla desde la puerta de San Pedro desaparece en un \u00a0tramo importante en la calle de la Muralla, conserv\u00e1ndose en una peque\u00f1a parte junto a la desaparecida puerta de Carchena de la cual se conservan escasos restos.<\/p>\n<p>Desde la puerta de Carchena la muralla contin\u00faa hacia el Norte encontr\u00e1ndose oculta o desaparecida entre algunas viviendas, destacando el Palacio de Santa Cruz, edificio de ladrillo construido en el siglo XVII con influencia mud\u00e9jar, que en su planta superior tiene una balconada de madera que se apoya en la muralla y donde se conservan cegados saeteras y merlones.<\/p>\n<p>La parte Norte de la muralla delimita el trazado de la calle Nueva en su recorrido hasta la plaza de San Andr\u00e9s, teniendo importantes restos como la contramuralla, la puerta del Mercado del Pan, junto a la capilla de la Magdalena o la desaparecida torre del Hospital, de la que solamente se conserva su cimentaci\u00f3n.<\/p>\n<p>Coincidiendo con la puerta de San Andr\u00e9s la muralla gira hacia el suroeste para terminar cerrando el segundo recinto con la puerta de la Juder\u00eda. De la antigua puerta de San Andr\u00e9s solamente se conserva el\u00a0 arco exterior de la puerta que es de estilo mud\u00e9jar, en el que en su parte superior aparece el escudo del Concejo de Cu\u00e9llar.<\/p>\n<p>La muralla de la ciudad termina por el norte junto a la puerta de la Juder\u00eda, conserv\u00e1ndose escasos restos de este tramo.<\/p>\n<p>&nbsp;<\/p>\n<p><strong>Galer\u00eda fotogr\u00e1fica del Tramo de la Puerta de las Cuevas a la Trinidad<\/strong><\/p>\nngg_shortcode_0_placeholder\n<p>&nbsp;<\/p>\n<p><strong>Galer\u00eda fotogr\u00e1fica del Tramo de la Trinidad a la iglesia de San Pedro<\/strong><\/p>\n<p>&nbsp;<\/p>\n<p>&nbsp;<\/p>\n<p>&nbsp;<\/p>\n","protected":false},"excerpt":{"rendered":"<p>&nbsp; El segundo recinto amurallado por el lado Sur arrancar\u00eda en la puerta de Las Cuevas, y en direcci\u00f3n Oeste pasaba por una peque\u00f1a puerta en la zona del Exangel para llegar a la desaparecida puerta de la Trinidad y continuar hasta la puerta de San Pedro. Donde este templo se incorporaba a la muralla &hellip; <\/p>\n<p><a class=\"more-link btn\" href=\"https:\/\/www.cuellar.es\/murallasdecuellar\/murallas-ciudadela\/\">Seguir leyendo<\/a><\/p>\n","protected":false},"author":4,"featured_media":634,"parent":0,"menu_order":0,"comment_status":"closed","ping_status":"closed","template":"","meta":{"ngg_post_thumbnail":0,"footnotes":""},"class_list":["post-291","page","type-page","status-publish","has-post-thumbnail","hentry","nodate","item-wrap"],"_links":{"self":[{"href":"https:\/\/www.cuellar.es\/murallasdecuellar\/wp-json\/wp\/v2\/pages\/291","targetHints":{"allow":["GET"]}}],"collection":[{"href":"https:\/\/www.cuellar.es\/murallasdecuellar\/wp-json\/wp\/v2\/pages"}],"about":[{"href":"https:\/\/www.cuellar.es\/murallasdecuellar\/wp-json\/wp\/v2\/types\/page"}],"author":[{"embeddable":true,"href":"https:\/\/www.cuellar.es\/murallasdecuellar\/wp-json\/wp\/v2\/users\/4"}],"replies":[{"embeddable":true,"href":"https:\/\/www.cuellar.es\/murallasdecuellar\/wp-json\/wp\/v2\/comments?post=291"}],"version-history":[{"count":9,"href":"https:\/\/www.cuellar.es\/murallasdecuellar\/wp-json\/wp\/v2\/pages\/291\/revisions"}],"predecessor-version":[{"id":633,"href":"https:\/\/www.cuellar.es\/murallasdecuellar\/wp-json\/wp\/v2\/pages\/291\/revisions\/633"}],"wp:featuredmedia":[{"embeddable":true,"href":"https:\/\/www.cuellar.es\/murallasdecuellar\/wp-json\/wp\/v2\/media\/634"}],"wp:attachment":[{"href":"https:\/\/www.cuellar.es\/murallasdecuellar\/wp-json\/wp\/v2\/media?parent=291"}],"curies":[{"name":"wp","href":"https:\/\/api.w.org\/{rel}","templated":true}]}}