{"id":289,"date":"2012-02-02T18:36:13","date_gmt":"2012-02-02T18:36:13","guid":{"rendered":"https:\/\/www.cuellar.es\/murallasdecuellar\/?page_id=289"},"modified":"2012-02-05T23:56:08","modified_gmt":"2012-02-05T23:56:08","slug":"murallas-cuidad","status":"publish","type":"page","link":"https:\/\/www.cuellar.es\/murallasdecuellar\/murallas-cuidad\/","title":{"rendered":"Muralla Cuidadela"},"content":{"rendered":"<p><img loading=\"lazy\" decoding=\"async\" class=\"aligncenter size-full wp-image-631\" title=\"muralla---ciudadela---princ\" src=\"https:\/\/www.cuellar.es\/murallasdecuellar\/wp-content\/uploads\/2012\/02\/muralla-ciudadela-princ.jpg\" alt=\"\" width=\"660\" height=\"240\" srcset=\"https:\/\/www.cuellar.es\/murallasdecuellar\/wp-content\/uploads\/2012\/02\/muralla-ciudadela-princ.jpg 660w, https:\/\/www.cuellar.es\/murallasdecuellar\/wp-content\/uploads\/2012\/02\/muralla-ciudadela-princ-300x109.jpg 300w\" sizes=\"auto, (max-width: 660px) 100vw, 660px\" \/><\/p>\n<p>&nbsp;<\/p>\n<p>El primer recinto amurallado o muralla de la ciudadela se localiza en la parte m\u00e1s alta de la Villa de Cu\u00e9llar y se extiende desde el castillo hacia el Oeste donde destacan importantes puertas (San Basilio y San Mart\u00edn) e iglesias que se utilizaron como baluartes adosados a las murallas (San Esteban y Santiago).<\/p>\n<p>&nbsp;<\/p>\n","protected":false},"excerpt":{"rendered":"<p>&nbsp; El primer recinto amurallado o muralla de la ciudadela se localiza en la parte m\u00e1s alta de la Villa de Cu\u00e9llar y se extiende desde el castillo hacia el Oeste donde destacan importantes puertas (San Basilio y San Mart\u00edn) e iglesias que se utilizaron como baluartes adosados a las murallas (San Esteban y Santiago). &hellip; <\/p>\n<p><a class=\"more-link btn\" href=\"https:\/\/www.cuellar.es\/murallasdecuellar\/murallas-cuidad\/\">Seguir leyendo<\/a><\/p>\n","protected":false},"author":4,"featured_media":631,"parent":0,"menu_order":0,"comment_status":"closed","ping_status":"closed","template":"","meta":{"ngg_post_thumbnail":0,"footnotes":""},"class_list":["post-289","page","type-page","status-publish","has-post-thumbnail","hentry","nodate","item-wrap"],"_links":{"self":[{"href":"https:\/\/www.cuellar.es\/murallasdecuellar\/wp-json\/wp\/v2\/pages\/289","targetHints":{"allow":["GET"]}}],"collection":[{"href":"https:\/\/www.cuellar.es\/murallasdecuellar\/wp-json\/wp\/v2\/pages"}],"about":[{"href":"https:\/\/www.cuellar.es\/murallasdecuellar\/wp-json\/wp\/v2\/types\/page"}],"author":[{"embeddable":true,"href":"https:\/\/www.cuellar.es\/murallasdecuellar\/wp-json\/wp\/v2\/users\/4"}],"replies":[{"embeddable":true,"href":"https:\/\/www.cuellar.es\/murallasdecuellar\/wp-json\/wp\/v2\/comments?post=289"}],"version-history":[{"count":8,"href":"https:\/\/www.cuellar.es\/murallasdecuellar\/wp-json\/wp\/v2\/pages\/289\/revisions"}],"predecessor-version":[{"id":637,"href":"https:\/\/www.cuellar.es\/murallasdecuellar\/wp-json\/wp\/v2\/pages\/289\/revisions\/637"}],"wp:featuredmedia":[{"embeddable":true,"href":"https:\/\/www.cuellar.es\/murallasdecuellar\/wp-json\/wp\/v2\/media\/631"}],"wp:attachment":[{"href":"https:\/\/www.cuellar.es\/murallasdecuellar\/wp-json\/wp\/v2\/media?parent=289"}],"curies":[{"name":"wp","href":"https:\/\/api.w.org\/{rel}","templated":true}]}}