{"id":18,"date":"2011-10-14T18:38:56","date_gmt":"2011-10-14T18:38:56","guid":{"rendered":"https:\/\/www.cuellar.es\/murallasdecuellar\/?page_id=18"},"modified":"2020-02-26T11:12:13","modified_gmt":"2020-02-26T11:12:13","slug":"murallas-de-cuellar","status":"publish","type":"page","link":"https:\/\/www.cuellar.es\/murallasdecuellar\/","title":{"rendered":"Murallas de Cu\u00e9llar"},"content":{"rendered":"<p><img decoding=\"async\" class=\"ngg-singlepic ngg-left\" src=\"https:\/\/www.cuellar.es\/murallasdecuellar\/wp-content\/gallery\/vista-pajaro\/img_4948.jpg\" alt=\"img_4948\" width=\"300\">El Conjunto Amurallado de Cu\u00e9llar es uno de los m\u00e1s importantes de Castilla y Le\u00f3n. Est\u00e1 formado por dos recintos, uno superior, m\u00e1s fortificado, y uno inferior, m\u00e1s urbano, ambos con contramuralla. La complejidad y variedad de sus puertas lo convierten en un bien patrimonial de la m\u00e1xima importancia con una longitud aproximada de 2.000 m.<\/p>\n<p>A pesar de que el primer objetivo de una muralla era militar y defensivo, ten\u00eda otras importantes funciones como la de recaudaci\u00f3n de impuestos (derecho de portazgo), protecci\u00f3n contra enfermedades, control de mercanc\u00edas o derechos de justicia. Todo esto la convert\u00eda en el s\u00edmbolo de poder m\u00e1s importante durante la Edad Media en la comarca donde se encontraba. Por lo tanto, el derecho de constru\u00edr una muralla era un privilegio que era concedido como \u00abderecho de almenaje\u00bb.<\/p>\n<p>Las Murallas, como elemento defensivo, se constru\u00edan estrat\u00e9gicamente, a ser posible en los lugares m\u00e1s inexpugnables: puntos m\u00e1s altos de un territorio o lugares protegidos por grandes pendientes o cauces de r\u00edos.<\/p>\n<p>Su construcci\u00f3n se puede fechar a partir de la segunda y definitiva repoblaci\u00f3n de Cu\u00e9llar por Alfonso VI en 1085, aunque no est\u00e1n documentadas hasta 1264. Se terminan de construir y reforman durante los siglos XII al XVI, destacando las obras llevadas a cabo por el II Duque de Alburquerque hacia el a\u00f1o 1500.<\/p>\n<p><img loading=\"lazy\" decoding=\"async\" class=\"ngg-singlepic ngg-right alignright\" src=\"https:\/\/www.cuellar.es\/murallasdecuellar\/wp-content\/gallery\/vista-pajaro\/img_4972.jpg\" alt=\"img_4972\" width=\"275\" height=\"206\">Declaradas Monumento Hist\u00f3rico Art\u00edstico en 1931, las murallas de Cu\u00e9llar ocupan gran parte del Conjunto Hist\u00f3rico de la Villa.<\/p>\n<p>Su ubicaci\u00f3n en la parte m\u00e1s alta del municipio le proporciona una situaci\u00f3n privilegiada para la vigilancia y la defensa, destacando sobre el conjunto el Castillo &#8211; Palacio de los Duques de Alburquerque, principio y fin de las mismas.<\/p>\n<p>Pero, a parte de su valor hist\u00f3rico, art\u00edstico y monumental, las murallas de Cu\u00e9llar son un magn\u00edfico mirador para contemplar una villa llena de historia enmarcada en un mar de pinares. Una imagen que te costar\u00e1 olvidar.<\/p>\n<p>Pasea por su <a href=\"https:\/\/www.cuellar.es\/murallasdecuellar\/adarve\/\">adarve<\/a>, por donde siglos atr\u00e1s los soldados medievales hac\u00edan el paso de ronda; d\u00e9jate transportar a una \u00e9poca cr\u00edtica de la historia de Espa\u00f1a, deja que las murallas re descubran sus escudos, saeteras, almenas, merlones y rastrillos, sus secretos y los de Cu\u00e9llar.<\/p>\n<p>&nbsp;<\/p>\n<h3 style=\"text-align: center;\"><strong><span style=\"color: #800000;\"><em>Cu\u00e9llar en el&nbsp;mar de pinares segoviano.<\/em><\/span><\/strong><\/h3>\n\n\n<figure class=\"wp-block-embed-youtube wp-block-embed is-type-video is-provider-youtube wp-embed-aspect-16-9 wp-has-aspect-ratio\"><div class=\"wp-block-embed__wrapper\">\n<iframe loading=\"lazy\" title=\"Murallas de Cu\u00e9llar\" width=\"847\" height=\"476\" src=\"https:\/\/www.youtube.com\/embed\/K1vhT8q4lqc?feature=oembed\" frameborder=\"0\" allow=\"accelerometer; autoplay; encrypted-media; gyroscope; picture-in-picture\" allowfullscreen><\/iframe>\n<\/div><\/figure>\n","protected":false},"excerpt":{"rendered":"<p>El Conjunto Amurallado de Cu\u00e9llar es uno de los m\u00e1s importantes de Castilla y Le\u00f3n. Est\u00e1 formado por dos recintos, uno superior, m\u00e1s fortificado, y uno inferior, m\u00e1s urbano, ambos con contramuralla. La complejidad y variedad de sus puertas lo convierten en un bien patrimonial de la m\u00e1xima importancia con una longitud aproximada de 2.000 &hellip; <\/p>\n<p><a class=\"more-link btn\" href=\"https:\/\/www.cuellar.es\/murallasdecuellar\/\">Seguir leyendo<\/a><\/p>\n","protected":false},"author":4,"featured_media":0,"parent":0,"menu_order":0,"comment_status":"closed","ping_status":"closed","template":"template-twocolumnsleft.php","meta":{"ngg_post_thumbnail":0,"footnotes":""},"class_list":["post-18","page","type-page","status-publish","hentry","nodate","item-wrap"],"_links":{"self":[{"href":"https:\/\/www.cuellar.es\/murallasdecuellar\/wp-json\/wp\/v2\/pages\/18","targetHints":{"allow":["GET"]}}],"collection":[{"href":"https:\/\/www.cuellar.es\/murallasdecuellar\/wp-json\/wp\/v2\/pages"}],"about":[{"href":"https:\/\/www.cuellar.es\/murallasdecuellar\/wp-json\/wp\/v2\/types\/page"}],"author":[{"embeddable":true,"href":"https:\/\/www.cuellar.es\/murallasdecuellar\/wp-json\/wp\/v2\/users\/4"}],"replies":[{"embeddable":true,"href":"https:\/\/www.cuellar.es\/murallasdecuellar\/wp-json\/wp\/v2\/comments?post=18"}],"version-history":[{"count":28,"href":"https:\/\/www.cuellar.es\/murallasdecuellar\/wp-json\/wp\/v2\/pages\/18\/revisions"}],"predecessor-version":[{"id":1026,"href":"https:\/\/www.cuellar.es\/murallasdecuellar\/wp-json\/wp\/v2\/pages\/18\/revisions\/1026"}],"wp:attachment":[{"href":"https:\/\/www.cuellar.es\/murallasdecuellar\/wp-json\/wp\/v2\/media?parent=18"}],"curies":[{"name":"wp","href":"https:\/\/api.w.org\/{rel}","templated":true}]}}