{"id":122,"date":"2011-12-16T23:11:37","date_gmt":"2011-12-16T23:11:37","guid":{"rendered":"https:\/\/www.cuellar.es\/murallasdecuellar\/?page_id=122"},"modified":"2012-03-08T20:00:02","modified_gmt":"2012-03-08T20:00:02","slug":"historia-de-la-muralla","status":"publish","type":"page","link":"https:\/\/www.cuellar.es\/murallasdecuellar\/las-murallas-de-cuellar\/historia-de-la-muralla\/","title":{"rendered":"Historia de la Muralla"},"content":{"rendered":"<h3>Muralla de la Edad del Hierro<\/h3>\n<div style=\"width: 250px\" class=\"wp-caption alignleft\"><img loading=\"lazy\" decoding=\"async\" class=\"ngg-singlepic ngg-left \" src=\"https:\/\/www.cuellar.es\/murallasdecuellar\/wp-content\/gallery\/historia\/murallas-de-cuellar-antigua-04.jpg\" alt=\"murallas-de-cuellar-antigua-04\" width=\"250\" height=\"188\" \/><p class=\"wp-caption-text\">Posible situaci\u00f3n de la muralla celtib\u00e9rica<\/p><\/div>\n<p>A pesar de que lo que conocemos sobre el origen de las murallas de Cu\u00e9llar se tiene que relacionar con la Alta Edad Media, en concreto desde el siglo XI al XIII, no podemos pasar por alto que en el espacio que en la actualidad se conoce como \u201cexplanada del Castillo\u201d hubo un asentamiento de la Edad del Hierro que ocup\u00f3 este espacio desde el siglo VI\u00ba al I\u00ba antes de Cristo, y durante las excavaciones arqueol\u00f3gicas que se realizaron en los a\u00f1os 80 del pasado siglo XX aparecieron restos de las viviendas de los poblados celtib\u00e9ricos, y junto a esta casas apareci\u00f3 un muro de mayor entidad que podr\u00eda estar relacionado con un cerramiento \u201cmuralla\u201d celtib\u00e9rica que utiliz\u00f3 el mismo espacio donde hoy se encuentra el Castillo de Alburquerque y su plaza de armas.<\/p>\n<p>&nbsp;<\/p>\n<h3>La Muralla Mud\u00e9jar<\/h3>\n<p><img loading=\"lazy\" decoding=\"async\" class=\"alignright\" src=\"https:\/\/www.cuellar.es\/murallasdecuellar\/wp-content\/gallery\/historia\/murallas-de-cuellar-antigua-05.jpg\" alt=\"murallas-de-cuellar-antigua-05\" width=\"300\" height=\"176\" \/>Los restos m\u00e1s antiguos que se conservan de las murallas de Cu\u00e9llar habr\u00eda que relacionarlos con los tiempos de la repoblaci\u00f3n cristiana de las tierras pr\u00f3ximas a la cuenca del Duero, \u201c La Extremadura Castellana\u201d.<\/p>\n<p>La repoblaci\u00f3n definitiva de Cu\u00e9llar fue encargada por el rey Alfonso VI de Castilla al conde Pedro Ansurez, por lo que se puede considerar el a\u00f1o 1085 como el principio de esta repoblaci\u00f3n al ser este el a\u00f1o de la conquista de Toledo por parte de Alfonso VI.<\/p>\n<p>Los restos arquitect\u00f3nicos de la Alta Edad Media los podemos apreciar con claridad en aquellas partes de las murallas donde se conservan restos mud\u00e9jares donde se aparecen f\u00e1bricas de ladrillo unidas con gruesos morteros de cal como podemos ver en la puerta de San Basilio, la puerta sureste del castillo, la puerta de Las Cuevas, la torre de la puerta de Santiago o la puerta de San Andr\u00e9s.<\/p>\n<p>Por otra parte, tenemos conocimiento escrito de que ya a mediados del siglo XIII el rey Alfonso X el Sabio concede al Concejo de Cu\u00e9llar que parte de la recaudaci\u00f3n de algunas multas se dediquen a la reparaci\u00f3n de las murallas, lo que demuestra su antig\u00fcedad al tener que ser reparadas las murallas ya durante el siglo XIII.<\/p>\n<p>&nbsp;<\/p>\n<h3>Las Murallas al final de la Edad Media<\/h3>\n<p><img loading=\"lazy\" decoding=\"async\" class=\"ngg-singlepic ngg-left alignleft\" src=\"https:\/\/www.cuellar.es\/murallasdecuellar\/wp-content\/gallery\/historia\/murallas-de-cuellar-antigua-06.jpg\" alt=\"murallas-de-cuellar-antigua-06\" width=\"300\" height=\"0\" \/>Durante el siglo XIV se intervino varias veces en la reparaci\u00f3n de sus muros concediendo permiso al Concejo de Cu\u00e9llar, entre otros, el rey Enrique II de Castilla en el a\u00f1o 1374.<\/p>\n<p>El siglo XV comenz\u00f3 con un nuevo permiso del infante D. Fernando para reparaci\u00f3n de las murallas, que debieron soportar todos los vecinos de Cu\u00e9llar y su Tierra aportando 30.000 maraved\u00edes.<\/p>\n<p>Durante el reinado de Juan II de Arag\u00f3n, que fue se\u00f1or de la Villa de Cu\u00e9llar, permiti\u00f3 restaurar las murallas, al mismo tiempo que autoriz\u00f3 en el a\u00f1o 1427 al arcediano G\u00f3mez Gonz\u00e1lez edificar junto a la muralla el Hospital de la Magdalena, que levant\u00f3 parte del edificio sobre la misma muralla eliminando el paseo de ronda en contra del deseo del Concejo de la Villa.<\/p>\n<p>&nbsp;<\/p>\n<h3>Las Murallas con los primeros Duques de Alburquerque<\/h3>\n<p>Cuando el rey Enrique IV otorg\u00f3 el se\u00f1or\u00edo de Cu\u00e9llar el a\u00f1o 1464 al primer duque de Alburquerque, \u00e9ste reforz\u00f3 las murallas y ampli\u00f3 el castillo. Las obras realizadas por el primer entorno al a\u00f1o 1471 se centraron en la zona Norte, afectando a los pa\u00f1os de la muralla desde el arco de San Basilio hasta el castillo y a la contramuralla.<\/p>\n<p>El segundo duque de Alburquerque realiz\u00f3 las reformas m\u00e1s importantes en las murallas. Las obras comenzaron reforzando el primer recinto amurallado, desde la iglesia de San Esteban, pasando por la puerta de San Mart\u00edn, hasta la puerta de Santiago. Estos trabajos consistieron en levantar los muros y colocar en el paseo de ronda el almenado y las saeteras. Tambi\u00e9n se intervino en la puerta de San Pedro, levantando un paseo de ronda en el mismo \u00e1bside de la iglesia, donde coloc\u00f3 su escudo de armas, al igual que lo hizo en todas las puertas del recinto de la ciudadela.<\/p>\n<p>&nbsp;<\/p>\n<h3>El abandono de las Murallas\u00a0(Siglo XVII-XX)<\/h3>\n<p><img loading=\"lazy\" decoding=\"async\" class=\"alignright\" src=\"https:\/\/www.cuellar.es\/murallasdecuellar\/wp-content\/gallery\/historia\/murallas-de-cuellar-antigua-01.jpg\" alt=\"murallas-de-cuellar-antigua-01\" width=\"300\" height=\"200\" \/>La p\u00e9rdida de su funcionalidad defensiva hizo que las murallas perdiesen inter\u00e9s y pasasen a ser un freno para el crecimiento de la Villa, por lo que el abandono continuado y los permisos que se fueron otorgando a particulares para construir junto a la muralla apoyando incluso las vigas de las viviendas sobre la muralla se convirtieron en la pauta generalizada.<\/p>\n<p>En el siglo XVII, a pesar de las multas que impon\u00eda el Concejo de Cu\u00e9llar, la poblaci\u00f3n ya empez\u00f3 a llevarse piedras de las murallas para la construcci\u00f3n o reparaci\u00f3n de sus viviendas.<br \/>\nDurante el siglo XVIII ya peligraban algunos pa\u00f1os de las murallas y se derribaron parte de la puerta de Carchena y la puerta de la Trinidad.<\/p>\n<p>Durante el siglo XIX se derribaron por peligro para los viandantes parcialmente las puertas de San Andr\u00e9s y Santiago, y totalmente las puertas de Carchena, San Pedro, la Trinidad y Las Cuevas.<\/p>\n<p>En el siglo XX, a pesar de que fueron declaradas en el a\u00f1o 1931 como Conjunto Hist\u00f3rico Art\u00edstico, el abandono y deterioro sigui\u00f3 aumentado hasta que en el \u00faltimo tercio del siglo que comenzaron los trabajos de restauraci\u00f3n en algunos pa\u00f1os junto a las puertas de San Mart\u00edn y San Basilio.<\/p>\n<p>&nbsp;<\/p>\n<h3>La recuperaci\u00f3n de las Murallas<\/h3>\n<p>El siglo XXI se est\u00e1 convirtiendo en el periodo de recuperaci\u00f3n y consolidaci\u00f3n de las murallas, as\u00ed recientemente se ha concluido la primera fase de su restauraci\u00f3n en la que el Ministerio de la Vivienda ha invertido 3,4 millones de euros y se ha recuperado el recorrido por el <a href=\"https:\/\/www.cuellar.es\/murallasdecuellar\/adarve\/\">adarve<\/a> de la muralla de la ciudadela para disfrute del p\u00fablico.<\/p>\nngg_shortcode_0_placeholder\n","protected":false},"excerpt":{"rendered":"<p>Muralla de la Edad del Hierro A pesar de que lo que conocemos sobre el origen de las murallas de Cu\u00e9llar se tiene que relacionar con la Alta Edad Media, en concreto desde el siglo XI al XIII, no podemos pasar por alto que en el espacio que en la actualidad se conoce como \u201cexplanada &hellip; <\/p>\n<p><a class=\"more-link btn\" href=\"https:\/\/www.cuellar.es\/murallasdecuellar\/las-murallas-de-cuellar\/historia-de-la-muralla\/\">Seguir leyendo<\/a><\/p>\n","protected":false},"author":4,"featured_media":0,"parent":373,"menu_order":1,"comment_status":"closed","ping_status":"closed","template":"template-twocolumnsleft.php","meta":{"ngg_post_thumbnail":0,"footnotes":""},"class_list":["post-122","page","type-page","status-publish","hentry","nodate","item-wrap"],"_links":{"self":[{"href":"https:\/\/www.cuellar.es\/murallasdecuellar\/wp-json\/wp\/v2\/pages\/122","targetHints":{"allow":["GET"]}}],"collection":[{"href":"https:\/\/www.cuellar.es\/murallasdecuellar\/wp-json\/wp\/v2\/pages"}],"about":[{"href":"https:\/\/www.cuellar.es\/murallasdecuellar\/wp-json\/wp\/v2\/types\/page"}],"author":[{"embeddable":true,"href":"https:\/\/www.cuellar.es\/murallasdecuellar\/wp-json\/wp\/v2\/users\/4"}],"replies":[{"embeddable":true,"href":"https:\/\/www.cuellar.es\/murallasdecuellar\/wp-json\/wp\/v2\/comments?post=122"}],"version-history":[{"count":29,"href":"https:\/\/www.cuellar.es\/murallasdecuellar\/wp-json\/wp\/v2\/pages\/122\/revisions"}],"predecessor-version":[{"id":973,"href":"https:\/\/www.cuellar.es\/murallasdecuellar\/wp-json\/wp\/v2\/pages\/122\/revisions\/973"}],"up":[{"embeddable":true,"href":"https:\/\/www.cuellar.es\/murallasdecuellar\/wp-json\/wp\/v2\/pages\/373"}],"wp:attachment":[{"href":"https:\/\/www.cuellar.es\/murallasdecuellar\/wp-json\/wp\/v2\/media?parent=122"}],"curies":[{"name":"wp","href":"https:\/\/api.w.org\/{rel}","templated":true}]}}